{"id":6790,"date":"2023-08-10T08:43:14","date_gmt":"2023-08-10T08:43:14","guid":{"rendered":"https:\/\/cocagne.pro\/quality\/"},"modified":"2024-10-07T13:30:31","modified_gmt":"2024-10-07T13:30:31","slug":"quality","status":"publish","type":"page","link":"https:\/\/cocagne.pro\/en\/quality\/","title":{"rendered":"Quality"},"content":{"rendered":"<section class=\"wpb-content-wrapper\"><p>[vc_row row_content_width=&#8221;grid&#8221; css=&#8221;.vc_custom_1725975039440{padding-top: 70px !important;padding-bottom: 85px !important;}&#8221; el_id=&#8221;hygiene&#8221;][vc_column offset=&#8221;vc_col-lg-6&#8243;][vc_custom_heading text=&#8221;Maintaining a high level of sanitary, visual and organoleptic quality is a daily challenge made more complex, and also boosted, by the necessary quest for sustainability.<br \/>\nOur <b>environmental<\/b> and <b>social<\/b> impact is becoming a quality criterion.<br \/>\nWhether in terms of purchasing, processes, controls or teams, we are working to build a virtuous, sustainable circle that is becoming the foundation of our CSR policy.&#8221; font_container=&#8221;tag:div|font_size:22px|text_align:left|line_height:35px&#8221; use_theme_fonts=&#8221;yes&#8221;][vc_empty_space]<div class=\"edgt-elements-holder   edgt-one-column  edgt-responsive-mode-768 edgt-one-column-alignment-center\" ><div class=\"edgt-eh-item   edgt-horizontal-alignment-center \"  data-item-class=\"edgt-eh-custom-6025\">\n\t<div class=\"edgt-eh-item-inner\">\n\t\t<div class=\"edgt-eh-item-content edgt-eh-custom-6025\" >\n\t\t\t<div class=\"edgt-counter-holder \">\n\t<div class=\"edgt-counter-inner\">\n\t\t\t\t\t<span class=\"edgt-counter edgt-zero-counter\" >1500<\/span>\n\t\t\t\t\t\t\t<h6 class=\"edgt-counter-title\" >\n\t\t\t\tAnalyses \/ year\t\t\t<\/h6>\n\t\t\t\t\t\t\t<p class=\"edgt-counter-text\" >The control plan is developed with the M\u00e9rieux laboratory according to the nature of the products<\/p>\n\t\t\t<\/div>\n<\/div>[vc_empty_space]<div class=\"edgt-section-title-holder  edgt-st-standard edgt-st-title-left edgt-st-normal-space \" >\n\t<div class=\"edgt-st-inner\">\n\t\t\t\t\t\t\t<h3 class=\"edgt-st-title\" >\n\t\t\t\tORGANO CONTROLS\t\t\t<\/h3>\n\t\t\t\t\t\t\t<p class=\"edgt-st-text\" >\n\t\t\t\tAn internal panel meets every week to monitor the quality and consistency of production.<br \/>\nOn average, 1 out of 2 batches are tasted.\t\t\t<\/p>\n\t\t\t<\/div>\n<\/div>\t\t<\/div>\n\t<\/div>\n<\/div><\/div>[\/vc_column][vc_column offset=&#8221;vc_col-lg-6&#8243;][vc_column_text]<\/p>\n<p style=\"text-align: center;\"><img loading=\"lazy\" decoding=\"async\" class=\"alignnone size-medium wp-image-5923\" src=\"https:\/\/cocagne.pro\/wp-content\/uploads\/2024\/09\/iso-22000-300x200.webp\" alt=\"\" width=\"300\" height=\"200\" srcset=\"https:\/\/cocagne.pro\/wp-content\/uploads\/2024\/09\/iso-22000-300x200.webp 300w, https:\/\/cocagne.pro\/wp-content\/uploads\/2024\/09\/iso-22000-400x267.webp 400w, https:\/\/cocagne.pro\/wp-content\/uploads\/2024\/09\/iso-22000-768x512.webp 768w, https:\/\/cocagne.pro\/wp-content\/uploads\/2024\/09\/iso-22000.webp 900w\" sizes=\"auto, (max-width: 300px) 100vw, 300px\" \/><\/p>\n<p style=\"text-align: center;\">Implementation of the FSSC 22000 standard<\/p>\n<p>[\/vc_column_text][\/vc_column][\/vc_row][vc_row disable_element=&#8221;yes&#8221; row_content_width=&#8221;grid&#8221; content_text_aligment=&#8221;center&#8221; css=&#8221;.vc_custom_1693396584896{padding-top: 50px !important;padding-bottom: 70px !important;}&#8221;][vc_column offset=&#8221;vc_col-lg-6&#8243;]<div class=\"edgt-elements-holder   edgt-one-column  edgt-responsive-mode-768 \" ><div class=\"edgt-eh-item   edgt-horizontal-alignment-center \"  data-item-class=\"edgt-eh-custom-6998\">\n\t<div class=\"edgt-eh-item-inner\">\n\t\t<div class=\"edgt-eh-item-content edgt-eh-custom-6998\" style=\"padding: 20px 0px 0px\">\n\t\t\t<div class=\"edgt-single-image-holder   \">\n    <div class=\"edgt-si-inner\">\n                                    <img loading=\"lazy\" decoding=\"async\" width=\"609\" height=\"376\" src=\"https:\/\/cocagne.pro\/wp-content\/uploads\/2017\/07\/our-process-img-3.jpg\" class=\"attachment-full size-full\" alt=\"a\" srcset=\"https:\/\/cocagne.pro\/wp-content\/uploads\/2017\/07\/our-process-img-3.jpg 609w, https:\/\/cocagne.pro\/wp-content\/uploads\/2017\/07\/our-process-img-3-300x185.jpg 300w, https:\/\/cocagne.pro\/wp-content\/uploads\/2017\/07\/our-process-img-3-400x247.jpg 400w\" sizes=\"auto, (max-width: 609px) 100vw, 609px\" \/>                        <\/div>\n<\/div>\t\t<\/div>\n\t<\/div>\n<\/div><\/div>[\/vc_column][vc_column width=&#8221;1\/2&#8243; offset=&#8221;vc_col-lg-3 vc_col-md-6 vc_col-xs-12&#8243;]<div class=\"edgt-elements-holder   edgt-one-column  edgt-responsive-mode-768 \" ><div class=\"edgt-eh-item   edgt-horizontal-alignment-center \"  data-item-class=\"edgt-eh-custom-2151\" data-1024-1280=\"21% 0px 0px\" data-768-1024=\"16% 0px 20px\" data-680-768=\"16% 0px 20px\" data-680=\"16% 0px 20px\">\n\t<div class=\"edgt-eh-item-inner\">\n\t\t<div class=\"edgt-eh-item-content edgt-eh-custom-2151\" style=\"padding: 29% 0px 0px\">\n\t\t\t<div class=\"edgt-iwt clearfix  edgt-iwt-icon-top edgt-iwt-icon-large\">\n\t<div class=\"edgt-iwt-icon\">\n\t\t\t\t\t<a itemprop=\"url\" href=\"#\" target=\"_self\">\n\t\t\t\t\t\t\t\t\t<img decoding=\"async\" src=\"https:\/\/cocagne.pro\/wp-content\/uploads\/2017\/07\/our-process-custom-icon-1.png\" alt=\"Custom icon\" style=\"width:75px;height:67px;\"\/>\n\t\t\t\t\t\t\t\t<\/a>\n\t\t\t<\/div>\n\t<div class=\"edgt-iwt-content\" >\n\t\t\t\t\t<h6 class=\"edgt-iwt-subtitle-text edgt-strike-trough\">Elements<\/h6>\n\t\t\t\t\t\t\t<h4 class=\"edgt-iwt-title\" >\n\t\t\t\t\t\t\t\t\t<a itemprop=\"url\" href=\"#\" target=\"_self\">\n\t\t\t\t\t\t\t\t<span class=\"edgt-iwt-title-text\">Smooth Parallax<\/span>\n\t\t\t\t\t\t\t\t\t<\/a>\n\t\t\t\t\t\t\t<\/h4>\n\t\t\t\t\t\t\t<p class=\"edgt-iwt-text\" >Lorem ipsum dolor sit amet, tale dissentiet in mea, ex enim choro pro. Inermis denique ex sea. Et his nusquam nostrum.<\/p>\n\t\t\t<\/div>\n<\/div>\t\t<\/div>\n\t<\/div>\n<\/div><\/div>[\/vc_column][vc_column width=&#8221;1\/2&#8243; offset=&#8221;vc_col-lg-3 vc_col-md-6 vc_col-xs-12&#8243;]<div class=\"edgt-elements-holder   edgt-one-column  edgt-responsive-mode-768 \" ><div class=\"edgt-eh-item   edgt-horizontal-alignment-center \"  data-item-class=\"edgt-eh-custom-3128\" data-1024-1280=\"21% 0px 0px\" data-768-1024=\"16% 0px 20px\" data-680-768=\"16% 0px 20px\" data-680=\"16% 0px 20px\">\n\t<div class=\"edgt-eh-item-inner\">\n\t\t<div class=\"edgt-eh-item-content edgt-eh-custom-3128\" style=\"padding: 29% 0px 0px\">\n\t\t\t<div class=\"edgt-iwt clearfix  edgt-iwt-icon-top edgt-iwt-icon-large\">\n\t<div class=\"edgt-iwt-icon\">\n\t\t\t\t\t<a itemprop=\"url\" href=\"#\" target=\"_self\">\n\t\t\t\t\t\t\t\t\t<img decoding=\"async\" src=\"https:\/\/cocagne.pro\/wp-content\/uploads\/2017\/07\/our-process-custom-icon-2.png\" alt=\"Custom icon\" style=\"width:75px;height:67px;\"\/>\n\t\t\t\t\t\t\t\t<\/a>\n\t\t\t<\/div>\n\t<div class=\"edgt-iwt-content\" >\n\t\t\t\t\t<h6 class=\"edgt-iwt-subtitle-text edgt-strike-trough\">Elements<\/h6>\n\t\t\t\t\t\t\t<h4 class=\"edgt-iwt-title\" >\n\t\t\t\t\t\t\t\t\t<a itemprop=\"url\" href=\"#\" target=\"_self\">\n\t\t\t\t\t\t\t\t<span class=\"edgt-iwt-title-text\">Easy Settings<\/span>\n\t\t\t\t\t\t\t\t\t<\/a>\n\t\t\t\t\t\t\t<\/h4>\n\t\t\t\t\t\t\t<p class=\"edgt-iwt-text\" >Lorem ipsum dolor sit amet, tale dissentiet in mea, ex enim choro pro. Inermis denique ex sea. Et his nusquam nostrum.<\/p>\n\t\t\t<\/div>\n<\/div>\t\t<\/div>\n\t<\/div>\n<\/div><\/div>[\/vc_column][\/vc_row][vc_row disable_element=&#8221;yes&#8221; row_content_width=&#8221;grid&#8221; simple_background_color=&#8221;#fafafa&#8221; css=&#8221;.vc_custom_1693396563603{padding-top: 90px !important;padding-bottom: 84px !important;}&#8221;][vc_column offset=&#8221;vc_col-lg-6&#8243;]<div class=\"edgt-elements-holder   edgt-one-column  edgt-responsive-mode-768 \" ><div class=\"edgt-eh-item    \"  data-item-class=\"edgt-eh-custom-3829\" data-768-1024=\"0px\" data-680-768=\"0px\" data-680=\"0px\">\n\t<div class=\"edgt-eh-item-inner\">\n\t\t<div class=\"edgt-eh-item-content edgt-eh-custom-3829\" style=\"padding: 5% 10% 0px 0px\">\n\t\t\t<div class=\"edgt-section-title-holder  edgt-st-standard edgt-st-title-left edgt-st-normal-space \" style=\"text-align: left\">\n\t<div class=\"edgt-st-inner\">\n\t\t\t\t\t<h6 class=\"edgt-st-subtitle edgt-strike-trough\">\n\t\t\t\tWhat We Prepare For\t\t\t<\/h6>\n\t\t\t\t\t\t\t<h3 class=\"edgt-st-title\" style=\"color: #3d3d3d\">\n\t\t\t\tOur Specialties\t\t\t<\/h3>\n\t\t\t\t\t\t\t<p class=\"edgt-st-text\" style=\"font-size: 16px;line-height: 26px\">\n\t\t\t\tLorem ipsum dolor sit amet, tale dissentiet in mea, ex enim choro pro. Inermis denique inimicus ex sea. Et his nusquam nostrum. Alia ridens quo ex, pri wisi insolens salutatus no. Alia ridens quo ex, pri wisi insolens salutatus no. Ut enim ad minim veniam, quis nostrud exercitation. Lorem ipsum dolor sit amet.\t\t\t<\/p>\n\t\t\t<\/div>\n<\/div>[vc_row_inner css=&#8221;.vc_custom_1501580658909{padding-top: 30px !important;}&#8221;][vc_column_inner width=&#8221;1\/6&#8243;]<div class=\"edgt-counter-holder \">\n\t<div class=\"edgt-counter-inner\">\n\t\t\t\t\t<span class=\"edgt-counter edgt-zero-counter\" style=\"font-size: 48px\">10<\/span>\n\t\t\t\t\t\t\t<h5 class=\"edgt-counter-title\" style=\"color: #8d735f\">\n\t\t\t\tYEARS\t\t\t<\/h5>\n\t\t\t\t\t<\/div>\n<\/div>[\/vc_column_inner][vc_column_inner width=&#8221;1\/6&#8243;]<div class=\"edgt-counter-holder \">\n\t<div class=\"edgt-counter-inner\">\n\t\t\t\t\t<span class=\"edgt-counter edgt-zero-counter\" style=\"font-size: 48px\">12<\/span>\n\t\t\t\t\t\t\t<h5 class=\"edgt-counter-title\" style=\"color: #8d735f\">\n\t\t\t\tMONTHS\t\t\t<\/h5>\n\t\t\t\t\t<\/div>\n<\/div>[\/vc_column_inner][vc_column_inner width=&#8221;1\/6&#8243;]<div class=\"edgt-counter-holder \">\n\t<div class=\"edgt-counter-inner\">\n\t\t\t\t\t<span class=\"edgt-counter edgt-zero-counter\" style=\"font-size: 48px\">89<\/span>\n\t\t\t\t\t\t\t<h5 class=\"edgt-counter-title\" style=\"color: #8d735f\">\n\t\t\t\tDAYS\t\t\t<\/h5>\n\t\t\t\t\t<\/div>\n<\/div>[\/vc_column_inner][vc_column_inner width=&#8221;1\/6&#8243;][\/vc_column_inner][vc_column_inner width=&#8221;1\/6&#8243;][\/vc_column_inner][vc_column_inner width=&#8221;1\/6&#8243;][\/vc_column_inner][\/vc_row_inner]\t\t<\/div>\n\t<\/div>\n<\/div><\/div>[\/vc_column][vc_column offset=&#8221;vc_col-lg-6&#8243;]<div class=\"edgt-elements-holder   edgt-one-column  edgt-responsive-mode-768 \" ><div class=\"edgt-eh-item    \"  data-item-class=\"edgt-eh-custom-9265\" data-768-1024=\"75px 0px 0px\" data-680-768=\"75px 0px 0px\" data-680=\"75px 0px 0px\">\n\t<div class=\"edgt-eh-item-inner\">\n\t\t<div class=\"edgt-eh-item-content edgt-eh-custom-9265\" >\n\t\t\t<div class=\"edgt-single-image-holder   \">\n    <div class=\"edgt-si-inner\">\n                                    <img loading=\"lazy\" decoding=\"async\" width=\"609\" height=\"375\" src=\"https:\/\/cocagne.pro\/wp-content\/uploads\/2017\/07\/our-process-img-4.jpg\" class=\"attachment-full size-full\" alt=\"a\" srcset=\"https:\/\/cocagne.pro\/wp-content\/uploads\/2017\/07\/our-process-img-4.jpg 609w, https:\/\/cocagne.pro\/wp-content\/uploads\/2017\/07\/our-process-img-4-300x185.jpg 300w, https:\/\/cocagne.pro\/wp-content\/uploads\/2017\/07\/our-process-img-4-400x246.jpg 400w\" sizes=\"auto, (max-width: 609px) 100vw, 609px\" \/>                        <\/div>\n<\/div>\t\t<\/div>\n\t<\/div>\n<\/div><\/div>[\/vc_column][\/vc_row][vc_row disable_element=&#8221;yes&#8221; row_content_width=&#8221;grid&#8221; css=&#8221;.vc_custom_1693396570645{padding-top: 140px !important;padding-bottom: 90px !important;}&#8221;][vc_column width=&#8221;1\/2&#8243; offset=&#8221;vc_col-lg-3 vc_col-md-6 vc_col-xs-12&#8243;]<div class=\"edgt-pie-chart-holder \">\n\t<div class=\"edgt-pc-percentage\" data-percent=\"86\" data-bar-color=\"#c3b0a1\" data-border-color=\"#e7dfd9\">\n\t\t<span class=\"edgt-pc-percent\" >86<\/span>\n\t<\/div>\n\t\t\t<div class=\"edgt-pc-text-holder\">\n\t\t\t\t\t\t\t<h4 class=\"edgt-pc-title\" >Celebration<\/h4>\n\t\t\t\t\t\t\t\t\t\t<p class=\"edgt-pc-text\" >Sed ut perspiciatis unde omnis iste natus.<\/p>\n\t\t\t\t\t<\/div>\n\t<\/div>[vc_empty_space height=&#8221;40px&#8221;][\/vc_column][vc_column width=&#8221;1\/2&#8243; offset=&#8221;vc_col-lg-3 vc_col-md-6 vc_col-xs-12&#8243;]<div class=\"edgt-pie-chart-holder \">\n\t<div class=\"edgt-pc-percentage\" data-percent=\"43\" data-bar-color=\"#c3b0a1\" data-border-color=\"#e7dfd9\">\n\t\t<span class=\"edgt-pc-percent\" >43<\/span>\n\t<\/div>\n\t\t\t<div class=\"edgt-pc-text-holder\">\n\t\t\t\t\t\t\t<h4 class=\"edgt-pc-title\" >Catering Services<\/h4>\n\t\t\t\t\t\t\t\t\t\t<p class=\"edgt-pc-text\" >Sed ut perspiciatis unde omnis iste natus.<\/p>\n\t\t\t\t\t<\/div>\n\t<\/div>[vc_empty_space height=&#8221;40px&#8221;][\/vc_column][vc_column width=&#8221;1\/2&#8243; offset=&#8221;vc_col-lg-3 vc_col-md-6 vc_col-xs-12&#8243;]<div class=\"edgt-pie-chart-holder \">\n\t<div class=\"edgt-pc-percentage\" data-percent=\"72\" data-bar-color=\"#c3b0a1\" data-border-color=\"#e7dfd9\">\n\t\t<span class=\"edgt-pc-percent\" >72<\/span>\n\t<\/div>\n\t\t\t<div class=\"edgt-pc-text-holder\">\n\t\t\t\t\t\t\t<h4 class=\"edgt-pc-title\" >Working Hours<\/h4>\n\t\t\t\t\t\t\t\t\t\t<p class=\"edgt-pc-text\" >Sed ut perspiciatis unde omnis iste natus.<\/p>\n\t\t\t\t\t<\/div>\n\t<\/div>[vc_empty_space height=&#8221;40px&#8221;][\/vc_column][vc_column width=&#8221;1\/2&#8243; offset=&#8221;vc_col-lg-3 vc_col-md-6 vc_col-xs-12&#8243;]<div class=\"edgt-pie-chart-holder \">\n\t<div class=\"edgt-pc-percentage\" data-percent=\"65\" data-bar-color=\"#c3b0a1\" data-border-color=\"#e7dfd9\">\n\t\t<span class=\"edgt-pc-percent\" >65<\/span>\n\t<\/div>\n\t\t\t<div class=\"edgt-pc-text-holder\">\n\t\t\t\t\t\t\t<h4 class=\"edgt-pc-title\" >Awesome Projects<\/h4>\n\t\t\t\t\t\t\t\t\t\t<p class=\"edgt-pc-text\" >Sed ut perspiciatis unde omnis iste natus.<\/p>\n\t\t\t\t\t<\/div>\n\t<\/div>[vc_empty_space height=&#8221;40px&#8221;][\/vc_column][\/vc_row]<\/p>\n<\/section>","protected":false},"excerpt":{"rendered":"<p>[vc_row row_content_width=&#8221;grid&#8221; css=&#8221;.vc_custom_1725975039440{padding-top: 70px !important;padding-bottom: 85px !important;}&#8221; el_id=&#8221;hygiene&#8221;][vc_column offset=&#8221;vc_col-lg-6&#8243;][vc_custom_heading text=&#8221;Maintaining a high level of sanitary, visual and organoleptic quality is a daily challenge made more complex, and also boosted, by the necessary quest for sustainability. Our environmental and social impact [&hellip;]<\/p>\n","protected":false},"author":1,"featured_media":0,"parent":0,"menu_order":0,"comment_status":"closed","ping_status":"closed","template":"full-width.php","meta":{"footnotes":""},"class_list":["post-6790","page","type-page","status-publish","hentry"],"yoast_head":"<!-- This site is optimized with the Yoast SEO plugin v25.9 - https:\/\/yoast.com\/wordpress\/plugins\/seo\/ -->\n<title>Quality &#8226; Cocagne Pro<\/title>\n<meta name=\"robots\" content=\"index, follow, max-snippet:-1, max-image-preview:large, max-video-preview:-1\" \/>\n<link rel=\"canonical\" href=\"https:\/\/cocagne.pro\/en\/quality\/\" \/>\n<meta property=\"og:locale\" content=\"en_US\" \/>\n<meta property=\"og:type\" content=\"article\" \/>\n<meta property=\"og:title\" content=\"Quality &#8226; Cocagne Pro\" \/>\n<meta property=\"og:description\" content=\"[vc_row row_content_width=&#8221;grid&#8221; css=&#8221;.vc_custom_1725975039440{padding-top: 70px !important;padding-bottom: 85px !important;}&#8221; el_id=&#8221;hygiene&#8221;][vc_column offset=&#8221;vc_col-lg-6&#8243;][vc_custom_heading text=&#8221;Maintaining a high level of sanitary, visual and organoleptic quality is a daily challenge made more complex, and also boosted, by the necessary quest for sustainability. Our environmental and social impact [&hellip;]\" \/>\n<meta property=\"og:url\" content=\"https:\/\/cocagne.pro\/en\/quality\/\" \/>\n<meta property=\"og:site_name\" content=\"Cocagne Pro\" \/>\n<meta property=\"article:modified_time\" content=\"2024-10-07T13:30:31+00:00\" \/>\n<meta property=\"og:image\" content=\"https:\/\/cocagne.pro\/wp-content\/uploads\/2024\/09\/iso-22000-300x200.webp\" \/>\n<meta name=\"twitter:card\" content=\"summary_large_image\" \/>\n<meta name=\"twitter:label1\" content=\"Est. reading time\" \/>\n\t<meta name=\"twitter:data1\" content=\"4 minutes\" \/>\n<script type=\"application\/ld+json\" class=\"yoast-schema-graph\">{\"@context\":\"https:\/\/schema.org\",\"@graph\":[{\"@type\":\"WebPage\",\"@id\":\"https:\/\/cocagne.pro\/en\/quality\/\",\"url\":\"https:\/\/cocagne.pro\/en\/quality\/\",\"name\":\"Quality &#8226; Cocagne Pro\",\"isPartOf\":{\"@id\":\"https:\/\/cocagne.pro\/en\/#website\"},\"primaryImageOfPage\":{\"@id\":\"https:\/\/cocagne.pro\/en\/quality\/#primaryimage\"},\"image\":{\"@id\":\"https:\/\/cocagne.pro\/en\/quality\/#primaryimage\"},\"thumbnailUrl\":\"https:\/\/cocagne.pro\/wp-content\/uploads\/2024\/09\/iso-22000-300x200.webp\",\"datePublished\":\"2023-08-10T08:43:14+00:00\",\"dateModified\":\"2024-10-07T13:30:31+00:00\",\"breadcrumb\":{\"@id\":\"https:\/\/cocagne.pro\/en\/quality\/#breadcrumb\"},\"inLanguage\":\"en-US\",\"potentialAction\":[{\"@type\":\"ReadAction\",\"target\":[\"https:\/\/cocagne.pro\/en\/quality\/\"]}]},{\"@type\":\"ImageObject\",\"inLanguage\":\"en-US\",\"@id\":\"https:\/\/cocagne.pro\/en\/quality\/#primaryimage\",\"url\":\"https:\/\/cocagne.pro\/wp-content\/uploads\/2024\/09\/iso-22000-300x200.webp\",\"contentUrl\":\"https:\/\/cocagne.pro\/wp-content\/uploads\/2024\/09\/iso-22000-300x200.webp\"},{\"@type\":\"BreadcrumbList\",\"@id\":\"https:\/\/cocagne.pro\/en\/quality\/#breadcrumb\",\"itemListElement\":[{\"@type\":\"ListItem\",\"position\":1,\"name\":\"Accueil\",\"item\":\"https:\/\/cocagne.pro\/en\/\"},{\"@type\":\"ListItem\",\"position\":2,\"name\":\"Quality\"}]},{\"@type\":\"WebSite\",\"@id\":\"https:\/\/cocagne.pro\/en\/#website\",\"url\":\"https:\/\/cocagne.pro\/en\/\",\"name\":\"Cocagne Pro\",\"description\":\"Des id\u00e9es du go\u00fbt\",\"publisher\":{\"@id\":\"https:\/\/cocagne.pro\/en\/#organization\"},\"alternateName\":\"Fabricant de produits cocktails & snacking surgel\u00e9s, sal\u00e9s et sucr\u00e9s\",\"potentialAction\":[{\"@type\":\"SearchAction\",\"target\":{\"@type\":\"EntryPoint\",\"urlTemplate\":\"https:\/\/cocagne.pro\/en\/?s={search_term_string}\"},\"query-input\":{\"@type\":\"PropertyValueSpecification\",\"valueRequired\":true,\"valueName\":\"search_term_string\"}}],\"inLanguage\":\"en-US\"},{\"@type\":\"Organization\",\"@id\":\"https:\/\/cocagne.pro\/en\/#organization\",\"name\":\"Cocagne Pro\",\"url\":\"https:\/\/cocagne.pro\/en\/\",\"logo\":{\"@type\":\"ImageObject\",\"inLanguage\":\"en-US\",\"@id\":\"https:\/\/cocagne.pro\/en\/#\/schema\/logo\/image\/\",\"url\":\"https:\/\/cocagne.pro\/wp-content\/uploads\/2023\/08\/logo-cocagne.png\",\"contentUrl\":\"https:\/\/cocagne.pro\/wp-content\/uploads\/2023\/08\/logo-cocagne.png\",\"width\":800,\"height\":800,\"caption\":\"Cocagne Pro\"},\"image\":{\"@id\":\"https:\/\/cocagne.pro\/en\/#\/schema\/logo\/image\/\"}}]}<\/script>\n<!-- \/ Yoast SEO plugin. -->","yoast_head_json":{"title":"Quality &#8226; Cocagne Pro","robots":{"index":"index","follow":"follow","max-snippet":"max-snippet:-1","max-image-preview":"max-image-preview:large","max-video-preview":"max-video-preview:-1"},"canonical":"https:\/\/cocagne.pro\/en\/quality\/","og_locale":"en_US","og_type":"article","og_title":"Quality &#8226; Cocagne Pro","og_description":"[vc_row row_content_width=&#8221;grid&#8221; css=&#8221;.vc_custom_1725975039440{padding-top: 70px !important;padding-bottom: 85px !important;}&#8221; el_id=&#8221;hygiene&#8221;][vc_column offset=&#8221;vc_col-lg-6&#8243;][vc_custom_heading text=&#8221;Maintaining a high level of sanitary, visual and organoleptic quality is a daily challenge made more complex, and also boosted, by the necessary quest for sustainability. Our environmental and social impact [&hellip;]","og_url":"https:\/\/cocagne.pro\/en\/quality\/","og_site_name":"Cocagne Pro","article_modified_time":"2024-10-07T13:30:31+00:00","og_image":[{"url":"https:\/\/cocagne.pro\/wp-content\/uploads\/2024\/09\/iso-22000-300x200.webp","type":"","width":"","height":""}],"twitter_card":"summary_large_image","twitter_misc":{"Est. reading time":"4 minutes"},"schema":{"@context":"https:\/\/schema.org","@graph":[{"@type":"WebPage","@id":"https:\/\/cocagne.pro\/en\/quality\/","url":"https:\/\/cocagne.pro\/en\/quality\/","name":"Quality &#8226; Cocagne Pro","isPartOf":{"@id":"https:\/\/cocagne.pro\/en\/#website"},"primaryImageOfPage":{"@id":"https:\/\/cocagne.pro\/en\/quality\/#primaryimage"},"image":{"@id":"https:\/\/cocagne.pro\/en\/quality\/#primaryimage"},"thumbnailUrl":"https:\/\/cocagne.pro\/wp-content\/uploads\/2024\/09\/iso-22000-300x200.webp","datePublished":"2023-08-10T08:43:14+00:00","dateModified":"2024-10-07T13:30:31+00:00","breadcrumb":{"@id":"https:\/\/cocagne.pro\/en\/quality\/#breadcrumb"},"inLanguage":"en-US","potentialAction":[{"@type":"ReadAction","target":["https:\/\/cocagne.pro\/en\/quality\/"]}]},{"@type":"ImageObject","inLanguage":"en-US","@id":"https:\/\/cocagne.pro\/en\/quality\/#primaryimage","url":"https:\/\/cocagne.pro\/wp-content\/uploads\/2024\/09\/iso-22000-300x200.webp","contentUrl":"https:\/\/cocagne.pro\/wp-content\/uploads\/2024\/09\/iso-22000-300x200.webp"},{"@type":"BreadcrumbList","@id":"https:\/\/cocagne.pro\/en\/quality\/#breadcrumb","itemListElement":[{"@type":"ListItem","position":1,"name":"Accueil","item":"https:\/\/cocagne.pro\/en\/"},{"@type":"ListItem","position":2,"name":"Quality"}]},{"@type":"WebSite","@id":"https:\/\/cocagne.pro\/en\/#website","url":"https:\/\/cocagne.pro\/en\/","name":"Cocagne Pro","description":"Des id\u00e9es du go\u00fbt","publisher":{"@id":"https:\/\/cocagne.pro\/en\/#organization"},"alternateName":"Fabricant de produits cocktails & snacking surgel\u00e9s, sal\u00e9s et sucr\u00e9s","potentialAction":[{"@type":"SearchAction","target":{"@type":"EntryPoint","urlTemplate":"https:\/\/cocagne.pro\/en\/?s={search_term_string}"},"query-input":{"@type":"PropertyValueSpecification","valueRequired":true,"valueName":"search_term_string"}}],"inLanguage":"en-US"},{"@type":"Organization","@id":"https:\/\/cocagne.pro\/en\/#organization","name":"Cocagne Pro","url":"https:\/\/cocagne.pro\/en\/","logo":{"@type":"ImageObject","inLanguage":"en-US","@id":"https:\/\/cocagne.pro\/en\/#\/schema\/logo\/image\/","url":"https:\/\/cocagne.pro\/wp-content\/uploads\/2023\/08\/logo-cocagne.png","contentUrl":"https:\/\/cocagne.pro\/wp-content\/uploads\/2023\/08\/logo-cocagne.png","width":800,"height":800,"caption":"Cocagne Pro"},"image":{"@id":"https:\/\/cocagne.pro\/en\/#\/schema\/logo\/image\/"}}]}},"_links":{"self":[{"href":"https:\/\/cocagne.pro\/en\/wp-json\/wp\/v2\/pages\/6790","targetHints":{"allow":["GET"]}}],"collection":[{"href":"https:\/\/cocagne.pro\/en\/wp-json\/wp\/v2\/pages"}],"about":[{"href":"https:\/\/cocagne.pro\/en\/wp-json\/wp\/v2\/types\/page"}],"author":[{"embeddable":true,"href":"https:\/\/cocagne.pro\/en\/wp-json\/wp\/v2\/users\/1"}],"replies":[{"embeddable":true,"href":"https:\/\/cocagne.pro\/en\/wp-json\/wp\/v2\/comments?post=6790"}],"version-history":[{"count":6,"href":"https:\/\/cocagne.pro\/en\/wp-json\/wp\/v2\/pages\/6790\/revisions"}],"predecessor-version":[{"id":6896,"href":"https:\/\/cocagne.pro\/en\/wp-json\/wp\/v2\/pages\/6790\/revisions\/6896"}],"wp:attachment":[{"href":"https:\/\/cocagne.pro\/en\/wp-json\/wp\/v2\/media?parent=6790"}],"curies":[{"name":"wp","href":"https:\/\/api.w.org\/{rel}","templated":true}]}}