{"id":6787,"date":"2023-08-25T12:44:10","date_gmt":"2023-08-25T12:44:10","guid":{"rendered":"https:\/\/cocagne.pro\/workshops\/"},"modified":"2024-10-09T14:32:05","modified_gmt":"2024-10-09T14:32:05","slug":"workshop","status":"publish","type":"page","link":"https:\/\/cocagne.pro\/en\/workshop\/","title":{"rendered":"Workshop"},"content":{"rendered":"<section class=\"wpb-content-wrapper\"><p>[vc_row row_content_width=&#8221;grid&#8221; content_text_aligment=&#8221;center&#8221; css=&#8221;.vc_custom_1725366980121{padding-top: 50px !important;padding-bottom: 43px !important;}&#8221; el_id=&#8221;expertise&#8221;][vc_column]<div class=\"edgt-elements-holder   edgt-one-column  edgt-responsive-mode-768 \" ><div class=\"edgt-eh-item    \"  data-item-class=\"edgt-eh-custom-2400\" data-1024-1280=\"0 15%\" data-768-1024=\"0 14%\" data-680-768=\"0 4%\" data-680=\"0 0\">\n\t<div class=\"edgt-eh-item-inner\">\n\t\t<div class=\"edgt-eh-item-content edgt-eh-custom-2400\" style=\"padding: 0 19%\">\n\t\t\t<div class=\"edgt-section-title-holder  edgt-st-standard edgt-st-title-left edgt-st-normal-space \" style=\"text-align: center\">\n\t<div class=\"edgt-st-inner\">\n\t\t\t\t\t<h6 class=\"edgt-st-subtitle edgt-strike-trough\">\n\t\t\t\tOur talents\t\t\t<\/h6>\n\t\t\t\t\t\t\t<h3 class=\"edgt-st-title\" style=\"color: #3d3d3d\">\n\t\t\t\tCulinary expertise\t\t\t<\/h3>\n\t\t\t\t\t\t\t<p class=\"edgt-st-text\" style=\"color: #989898;font-size: 19px;margin-top: 18px\">\n\t\t\t\t10 production lines spread over 4,500 m2 of workshops, the heart of which is the bakery workshop that has set the pace since 1993.\t\t\t<\/p>\n\t\t\t<\/div>\n<\/div>\t\t<\/div>\n\t<\/div>\n<\/div><\/div>[\/vc_column][\/vc_row][vc_row gap=&#8221;10&#8243; full_height=&#8221;yes&#8221; row_content_width=&#8221;grid&#8221;][vc_column width=&#8221;1\/3&#8243;][vc_hoverbox image=&#8221;6719&#8243; primary_title=&#8221;BAKERY&#8221; primary_title_font_container=&#8221;font_size:25px|color:%23ffffff&#8221; primary_title_use_theme_fonts=&#8221;yes&#8221; hover_title=&#8221;&#8221; hover_title_font_container=&#8221;font_size:12px&#8221; hover_title_use_theme_fonts=&#8221;yes&#8221; shape=&#8221;round&#8221; hover_background_color=&#8221;custom&#8221; use_custom_fonts_primary_title=&#8221;true&#8221; use_custom_fonts_hover_title=&#8221;true&#8221;]<\/p>\n<p class=\"p1\"><span class=\"s1\">Thanks to the know-how of its successive bakers, the bakery has enabled COCAGNE to take a leading position in the surprise bread and brioche markets.<br \/>\nEven today, bread-making is a key skill that brings innovation and taste. <\/span><\/p>\n<p>[\/vc_hoverbox][vc_empty_space][vc_hoverbox image=&#8221;6722&#8243; primary_title=&#8221;FREEZING&#8221; primary_title_font_container=&#8221;font_size:25px|color:%23ffffff&#8221; primary_title_use_theme_fonts=&#8221;yes&#8221; hover_title=&#8221;&#8221; hover_title_font_container=&#8221;font_size:16px&#8221; shape=&#8221;round&#8221; hover_background_color=&#8221;custom&#8221; use_custom_fonts_primary_title=&#8221;true&#8221; use_custom_fonts_hover_title=&#8221;true&#8221;]<\/p>\n<p class=\"p1\"><span class=\"s1\">More than 30 years of expertise guarantee that our products have the same flavor and texture as fresh.<\/span><\/p>\n<p>[\/vc_hoverbox][\/vc_column][vc_column width=&#8221;1\/3&#8243;][vc_hoverbox image=&#8221;6720&#8243; primary_title=&#8221;KITCHEN&#8221; primary_title_font_container=&#8221;font_size:25px|color:%23ffffff&#8221; primary_title_use_theme_fonts=&#8221;yes&#8221; hover_title=&#8221;&#8221; hover_title_font_container=&#8221;font_size:12px&#8221; hover_title_use_theme_fonts=&#8221;yes&#8221; shape=&#8221;round&#8221; hover_background_color=&#8221;custom&#8221; use_custom_fonts_primary_title=&#8221;true&#8221; use_custom_fonts_hover_title=&#8221;true&#8221;]<\/p>\n<p class=\"p1\"><span class=\"s1\"> COCAGNE know-how means making all our bases in our own kitchen.<\/span><\/p>\n<p class=\"p1\"><span class=\"s1\"> With us, there&#8217;s no such thing as a ready-made meal: we get down to the stove to make the fillings and spreads.<\/span><\/p>\n<p>[\/vc_hoverbox][vc_empty_space height=&#8221;28px&#8221;][vc_hoverbox image=&#8221;6724&#8243; primary_title=&#8221;PACKAGING&#8221; primary_title_font_container=&#8221;font_size:25px|color:%23ffffff&#8221; primary_title_use_theme_fonts=&#8221;yes&#8221; hover_title=&#8221;&#8221; hover_title_font_container=&#8221;line_height:30px&#8221; shape=&#8221;round&#8221; hover_background_color=&#8221;custom&#8221; use_custom_fonts_primary_title=&#8221;true&#8221; use_custom_fonts_hover_title=&#8221;true&#8221;]<\/p>\n<p class=\"p1\"><span class=\"s1\">It&#8217;s the key to preserving beautiful fixtures and finishes. <\/span><span class=\"s1\">A range of solutions, including trays, cases, partial vacuum and shrink-wrapping, ensure that parts are held in place on ready-to-serve or ready-to-heat trays.<\/span><\/p>\n<p>[\/vc_hoverbox][\/vc_column][vc_column width=&#8221;1\/3&#8243;][vc_hoverbox image=&#8221;6721&#8243; primary_title=&#8221;ASSEMBLY&#8221; primary_title_font_container=&#8221;font_size:25px|color:%23ffffff&#8221; primary_title_use_theme_fonts=&#8221;yes&#8221; hover_title=&#8221;&#8221; hover_title_font_container=&#8221;font_size:12px&#8221; shape=&#8221;round&#8221; hover_background_color=&#8221;custom&#8221; use_custom_fonts_primary_title=&#8221;true&#8221; use_custom_fonts_hover_title=&#8221;true&#8221;]<\/p>\n<p class=\"p1\"><span class=\"s1\">Gestures combining dexterity and precision ensure meticulous cutting and depositing.<br \/>\nWith the help of a few pieces of equipment, they guarantee a meticulous and unique presentation with the same high standards as in the laboratories of the greatest caterers. <\/span><\/p>\n<p>[\/vc_hoverbox][vc_empty_space][vc_hoverbox image=&#8221;6728&#8243; primary_title=&#8221;DISTRIBUTION&#8221; primary_title_font_container=&#8221;font_size:25px|color:%23ffffff&#8221; primary_title_use_theme_fonts=&#8221;yes&#8221; hover_title=&#8221;&#8221; shape=&#8221;round&#8221; hover_background_color=&#8221;custom&#8221; use_custom_fonts_primary_title=&#8221;true&#8221;]<\/p>\n<p class=\"p1\"><span class=\"s1\">Our warehouse can store 1300 frozen pallets in dynamic racks.<br \/>\n90% of our products are available from stock. <\/span><\/p>\n<p>[\/vc_hoverbox][\/vc_column][\/vc_row][vc_section el_id=&#8221;lignes&#8221;][vc_row row_content_width=&#8221;grid&#8221; simple_background_color=&#8221;#fafafa&#8221; css=&#8221;.vc_custom_1693561319431{padding-top: 50px !important;padding-bottom: 50px !important;}&#8221;][vc_column width=&#8221;1\/3&#8243;][vc_single_image image=&#8221;6645&#8243; img_size=&#8221;&#8221; style=&#8221;vc_box_shadow_border_circle_2&#8243;][\/vc_column][vc_column width=&#8221;1\/3&#8243;][vc_single_image image=&#8221;6753&#8243; img_size=&#8221;&#8221; style=&#8221;vc_box_shadow_border_circle_2&#8243;][\/vc_column][vc_column width=&#8221;1\/3&#8243;][vc_single_image image=&#8221;6754&#8243; img_size=&#8221;&#8221; style=&#8221;vc_box_shadow_border_circle_2&#8243;][\/vc_column][\/vc_row][\/vc_section][vc_row row_content_width=&#8221;grid&#8221; css=&#8221;.vc_custom_1693379654473{margin-top: 100px !important;}&#8221;][vc_column width=&#8221;1\/2&#8243;]<div class=\"edgt-section-title-holder  edgt-st-standard edgt-st-title-left edgt-st-normal-space \" >\n\t<div class=\"edgt-st-inner\">\n\t\t\t\t\t<h6 class=\"edgt-st-subtitle edgt-strike-trough\">\n\t\t\t\tBREADS &amp; DOUGH\t\t\t<\/h6>\n\t\t\t\t\t\t\t<h3 class=\"edgt-st-title\" >\n\t\t\t\tCOCAGNE RECIPES\t\t\t<\/h3>\n\t\t\t\t\t<\/div>\n<\/div>[vc_row_inner][vc_column_inner width=&#8221;1\/2&#8243;][vc_column_text]<\/p>\n<ul>\n<li>golden rice bread<\/li>\n<li>mushroom bread<\/li>\n<li>polar bread<\/li>\n<li>seed bread<\/li>\n<li>seaweed bread<\/li>\n<li>brioche bread<\/li>\n<li>panettone bread<\/li>\n<li>brioche dough<\/li>\n<li>cake dough<\/li>\n<li>tortilla dough<\/li>\n<li>ciabatta bread<\/li>\n<li>farmhouse bread<\/li>\n<\/ul>\n<p>[\/vc_column_text][\/vc_column_inner][vc_column_inner width=&#8221;1\/2&#8243;][vc_column_text]<\/p>\n<ul>\n<li>grain bread<\/li>\n<li>Viennese bread<\/li>\n<li>corn bread<\/li>\n<li>pesto bread<\/li>\n<li>fougasse bread<\/li>\n<li>black sliced bread<\/li>\n<li>gingerbread<\/li>\n<li>Provencal bread<\/li>\n<li>black bread<\/li>\n<\/ul>\n<p>[\/vc_column_text][\/vc_column_inner][\/vc_row_inner][vc_column_text]And many other recipes, including your own&#8230;[\/vc_column_text][\/vc_column][vc_column width=&#8221;1\/2&#8243;][vc_single_image image=&#8221;6619&#8243; img_size=&#8221;full&#8221; style=&#8221;vc_box_circle_2&#8243; css_animation=&#8221;fadeIn&#8221;][\/vc_column][\/vc_row][vc_row][vc_column][vc_empty_space][\/vc_column][\/vc_row][vc_row disable_background_image=&#8221;&#8221; content_text_aligment=&#8221;center&#8221; css=&#8221;.vc_custom_1725523077435{padding-top: 89px !important;padding-bottom: 50px !important;}&#8221; simple_background_image=&#8221;83&#8243;][vc_column][vc_column_text]<\/p>\n<h1 style=\"text-align: center;\">Manufacturer of <strong>delicatessen and snacking<\/strong> products, savoury and sweet frozen foods<\/h1>\n<p>[\/vc_column_text][\/vc_column][\/vc_row][vc_row disable_background_image=&#8221;&#8221; content_text_aligment=&#8221;center&#8221; css=&#8221;.vc_custom_1725952891683{margin-right: 20px !important;margin-bottom: 50px !important;margin-left: 20px !important;}&#8221; simple_background_image=&#8221;5542&#8243;][vc_column width=&#8221;1\/3&#8243; css=&#8221;.vc_custom_1725952852019{padding: 10px !important;}&#8221;]<div class=\"edgt-iwt clearfix  edgt-iwt-icon-top edgt-iwt-icon-small\">\n\t<div class=\"edgt-iwt-icon\">\n\t\t\t\t\t\t\t\t\t<img decoding=\"async\" src=\"https:\/\/cocagne.pro\/wp-content\/uploads\/2024\/09\/Catalogue-2-e1725973833744.png\" alt=\"Custom icon\" style=\"width:250px;height:150px;\"\/>\n\t\t\t\t\t\t<\/div>\n\t<div class=\"edgt-iwt-content\" >\n\t\t\t\t\t<h6 class=\"edgt-iwt-subtitle-text edgt-strike-trough\">The 20\/80 of the market<\/h6>\n\t\t\t\t\t\t\t<h4 class=\"edgt-iwt-title\" style=\"color: #d16b1c\">\n\t\t\t\t\t\t\t\t<span class=\"edgt-iwt-title-text\">ON STOCK<\/span>\n\t\t\t\t\t\t\t<\/h4>\n\t\t\t\t\t<\/div>\n<\/div>[\/vc_column][vc_column width=&#8221;1\/3&#8243; css=&#8221;.vc_custom_1725952861928{padding: 10px !important;}&#8221;]<div class=\"edgt-iwt clearfix  edgt-iwt-icon-top edgt-iwt-icon-large\">\n\t<div class=\"edgt-iwt-icon\">\n\t\t\t\t\t\t\t\t\t<img decoding=\"async\" src=\"https:\/\/cocagne.pro\/wp-content\/uploads\/2024\/09\/Sur-mesure-1-e1725973917449.png\" alt=\"Custom icon\" style=\"width:250px;height:150px;\"\/>\n\t\t\t\t\t\t<\/div>\n\t<div class=\"edgt-iwt-content\" >\n\t\t\t\t\t<h6 class=\"edgt-iwt-subtitle-text edgt-strike-trough\">Mass production of your recipes<\/h6>\n\t\t\t\t\t\t\t<h4 class=\"edgt-iwt-title\" style=\"color: #d16b1c\">\n\t\t\t\t\t\t\t\t<span class=\"edgt-iwt-title-text\">Made-to-measure<\/span>\n\t\t\t\t\t\t\t<\/h4>\n\t\t\t\t\t<\/div>\n<\/div>[\/vc_column][vc_column width=&#8221;1\/3&#8243; css=&#8221;.vc_custom_1725952870715{padding: 10px !important;}&#8221;]<div class=\"edgt-iwt clearfix  edgt-iwt-icon-top edgt-iwt-icon-medium\">\n\t<div class=\"edgt-iwt-icon\">\n\t\t\t\t\t\t\t\t\t<img decoding=\"async\" src=\"https:\/\/cocagne.pro\/wp-content\/uploads\/2024\/09\/Sur-prendre-1-e1725973889812.png\" alt=\"Custom icon\" style=\"width:250px;height:150px;\"\/>\n\t\t\t\t\t\t<\/div>\n\t<div class=\"edgt-iwt-content\" >\n\t\t\t\t\t<h6 class=\"edgt-iwt-subtitle-text edgt-strike-trough\">Innovations for<\/h6>\n\t\t\t\t\t\t\t<h4 class=\"edgt-iwt-title\" style=\"color: #d16b1c\">\n\t\t\t\t\t\t\t\t<span class=\"edgt-iwt-title-text\">Overtake<\/span>\n\t\t\t\t\t\t\t<\/h4>\n\t\t\t\t\t<\/div>\n<\/div>[\/vc_column][\/vc_row]<\/p>\n<\/section>","protected":false},"excerpt":{"rendered":"<p>[vc_row row_content_width=&#8221;grid&#8221; content_text_aligment=&#8221;center&#8221; css=&#8221;.vc_custom_1725366980121{padding-top: 50px !important;padding-bottom: 43px !important;}&#8221; el_id=&#8221;expertise&#8221;][vc_column][\/vc_column][\/vc_row][vc_row gap=&#8221;10&#8243; full_height=&#8221;yes&#8221; row_content_width=&#8221;grid&#8221;][vc_column width=&#8221;1\/3&#8243;][vc_hoverbox image=&#8221;6719&#8243; primary_title=&#8221;BAKERY&#8221; primary_title_font_container=&#8221;font_size:25px|color:%23ffffff&#8221; primary_title_use_theme_fonts=&#8221;yes&#8221; hover_title=&#8221;&#8221; hover_title_font_container=&#8221;font_size:12px&#8221; hover_title_use_theme_fonts=&#8221;yes&#8221; shape=&#8221;round&#8221; hover_background_color=&#8221;custom&#8221; use_custom_fonts_primary_title=&#8221;true&#8221; use_custom_fonts_hover_title=&#8221;true&#8221;] Thanks to the know-how of its successive bakers, the bakery has enabled COCAGNE to take a [&hellip;]<\/p>\n","protected":false},"author":1,"featured_media":0,"parent":0,"menu_order":0,"comment_status":"closed","ping_status":"closed","template":"full-width.php","meta":{"footnotes":""},"class_list":["post-6787","page","type-page","status-publish","hentry"],"yoast_head":"<!-- This site is optimized with the Yoast SEO plugin v25.9 - https:\/\/yoast.com\/wordpress\/plugins\/seo\/ -->\n<title>Workshop &#8226; Cocagne Pro<\/title>\n<meta name=\"robots\" content=\"index, follow, max-snippet:-1, max-image-preview:large, max-video-preview:-1\" \/>\n<link rel=\"canonical\" href=\"https:\/\/cocagne.pro\/en\/workshop\/\" \/>\n<meta property=\"og:locale\" content=\"en_US\" \/>\n<meta property=\"og:type\" content=\"article\" \/>\n<meta property=\"og:title\" content=\"Workshop &#8226; Cocagne Pro\" \/>\n<meta property=\"og:description\" content=\"[vc_row row_content_width=&#8221;grid&#8221; content_text_aligment=&#8221;center&#8221; css=&#8221;.vc_custom_1725366980121{padding-top: 50px !important;padding-bottom: 43px !important;}&#8221; el_id=&#8221;expertise&#8221;][vc_column][\/vc_column][\/vc_row][vc_row gap=&#8221;10&#8243; full_height=&#8221;yes&#8221; row_content_width=&#8221;grid&#8221;][vc_column width=&#8221;1\/3&#8243;][vc_hoverbox image=&#8221;6719&#8243; primary_title=&#8221;BAKERY&#8221; primary_title_font_container=&#8221;font_size:25px|color:%23ffffff&#8221; primary_title_use_theme_fonts=&#8221;yes&#8221; hover_title=&#8221;&#8221; hover_title_font_container=&#8221;font_size:12px&#8221; hover_title_use_theme_fonts=&#8221;yes&#8221; shape=&#8221;round&#8221; hover_background_color=&#8221;custom&#8221; use_custom_fonts_primary_title=&#8221;true&#8221; use_custom_fonts_hover_title=&#8221;true&#8221;] Thanks to the know-how of its successive bakers, the bakery has enabled COCAGNE to take a [&hellip;]\" \/>\n<meta property=\"og:url\" content=\"https:\/\/cocagne.pro\/en\/workshop\/\" \/>\n<meta property=\"og:site_name\" content=\"Cocagne Pro\" \/>\n<meta property=\"article:modified_time\" content=\"2024-10-09T14:32:05+00:00\" \/>\n<meta property=\"og:image\" content=\"https:\/\/cocagne.pro\/wp-content\/uploads\/2023\/08\/mini-sandwichs.jpg\" \/>\n\t<meta property=\"og:image:width\" content=\"1080\" \/>\n\t<meta property=\"og:image:height\" content=\"810\" \/>\n\t<meta property=\"og:image:type\" content=\"image\/jpeg\" \/>\n<meta name=\"twitter:card\" content=\"summary_large_image\" \/>\n<meta name=\"twitter:label1\" content=\"Est. reading time\" \/>\n\t<meta name=\"twitter:data1\" content=\"3 minutes\" \/>\n<script type=\"application\/ld+json\" class=\"yoast-schema-graph\">{\"@context\":\"https:\/\/schema.org\",\"@graph\":[{\"@type\":\"WebPage\",\"@id\":\"https:\/\/cocagne.pro\/en\/workshop\/\",\"url\":\"https:\/\/cocagne.pro\/en\/workshop\/\",\"name\":\"Workshop &#8226; Cocagne Pro\",\"isPartOf\":{\"@id\":\"https:\/\/cocagne.pro\/en\/#website\"},\"datePublished\":\"2023-08-25T12:44:10+00:00\",\"dateModified\":\"2024-10-09T14:32:05+00:00\",\"breadcrumb\":{\"@id\":\"https:\/\/cocagne.pro\/en\/workshop\/#breadcrumb\"},\"inLanguage\":\"en-US\",\"potentialAction\":[{\"@type\":\"ReadAction\",\"target\":[\"https:\/\/cocagne.pro\/en\/workshop\/\"]}]},{\"@type\":\"BreadcrumbList\",\"@id\":\"https:\/\/cocagne.pro\/en\/workshop\/#breadcrumb\",\"itemListElement\":[{\"@type\":\"ListItem\",\"position\":1,\"name\":\"Accueil\",\"item\":\"https:\/\/cocagne.pro\/en\/\"},{\"@type\":\"ListItem\",\"position\":2,\"name\":\"Workshop\"}]},{\"@type\":\"WebSite\",\"@id\":\"https:\/\/cocagne.pro\/en\/#website\",\"url\":\"https:\/\/cocagne.pro\/en\/\",\"name\":\"Cocagne Pro\",\"description\":\"Des id\u00e9es du go\u00fbt\",\"publisher\":{\"@id\":\"https:\/\/cocagne.pro\/en\/#organization\"},\"alternateName\":\"Fabricant de produits cocktails & snacking surgel\u00e9s, sal\u00e9s et sucr\u00e9s\",\"potentialAction\":[{\"@type\":\"SearchAction\",\"target\":{\"@type\":\"EntryPoint\",\"urlTemplate\":\"https:\/\/cocagne.pro\/en\/?s={search_term_string}\"},\"query-input\":{\"@type\":\"PropertyValueSpecification\",\"valueRequired\":true,\"valueName\":\"search_term_string\"}}],\"inLanguage\":\"en-US\"},{\"@type\":\"Organization\",\"@id\":\"https:\/\/cocagne.pro\/en\/#organization\",\"name\":\"Cocagne Pro\",\"url\":\"https:\/\/cocagne.pro\/en\/\",\"logo\":{\"@type\":\"ImageObject\",\"inLanguage\":\"en-US\",\"@id\":\"https:\/\/cocagne.pro\/en\/#\/schema\/logo\/image\/\",\"url\":\"https:\/\/cocagne.pro\/wp-content\/uploads\/2023\/08\/logo-cocagne.png\",\"contentUrl\":\"https:\/\/cocagne.pro\/wp-content\/uploads\/2023\/08\/logo-cocagne.png\",\"width\":800,\"height\":800,\"caption\":\"Cocagne Pro\"},\"image\":{\"@id\":\"https:\/\/cocagne.pro\/en\/#\/schema\/logo\/image\/\"}}]}<\/script>\n<!-- \/ Yoast SEO plugin. -->","yoast_head_json":{"title":"Workshop &#8226; Cocagne Pro","robots":{"index":"index","follow":"follow","max-snippet":"max-snippet:-1","max-image-preview":"max-image-preview:large","max-video-preview":"max-video-preview:-1"},"canonical":"https:\/\/cocagne.pro\/en\/workshop\/","og_locale":"en_US","og_type":"article","og_title":"Workshop &#8226; Cocagne Pro","og_description":"[vc_row row_content_width=&#8221;grid&#8221; content_text_aligment=&#8221;center&#8221; css=&#8221;.vc_custom_1725366980121{padding-top: 50px !important;padding-bottom: 43px !important;}&#8221; el_id=&#8221;expertise&#8221;][vc_column][\/vc_column][\/vc_row][vc_row gap=&#8221;10&#8243; full_height=&#8221;yes&#8221; row_content_width=&#8221;grid&#8221;][vc_column width=&#8221;1\/3&#8243;][vc_hoverbox image=&#8221;6719&#8243; primary_title=&#8221;BAKERY&#8221; primary_title_font_container=&#8221;font_size:25px|color:%23ffffff&#8221; primary_title_use_theme_fonts=&#8221;yes&#8221; hover_title=&#8221;&#8221; hover_title_font_container=&#8221;font_size:12px&#8221; hover_title_use_theme_fonts=&#8221;yes&#8221; shape=&#8221;round&#8221; hover_background_color=&#8221;custom&#8221; use_custom_fonts_primary_title=&#8221;true&#8221; use_custom_fonts_hover_title=&#8221;true&#8221;] Thanks to the know-how of its successive bakers, the bakery has enabled COCAGNE to take a [&hellip;]","og_url":"https:\/\/cocagne.pro\/en\/workshop\/","og_site_name":"Cocagne Pro","article_modified_time":"2024-10-09T14:32:05+00:00","og_image":[{"width":1080,"height":810,"url":"https:\/\/cocagne.pro\/wp-content\/uploads\/2023\/08\/mini-sandwichs.jpg","type":"image\/jpeg"}],"twitter_card":"summary_large_image","twitter_misc":{"Est. reading time":"3 minutes"},"schema":{"@context":"https:\/\/schema.org","@graph":[{"@type":"WebPage","@id":"https:\/\/cocagne.pro\/en\/workshop\/","url":"https:\/\/cocagne.pro\/en\/workshop\/","name":"Workshop &#8226; Cocagne Pro","isPartOf":{"@id":"https:\/\/cocagne.pro\/en\/#website"},"datePublished":"2023-08-25T12:44:10+00:00","dateModified":"2024-10-09T14:32:05+00:00","breadcrumb":{"@id":"https:\/\/cocagne.pro\/en\/workshop\/#breadcrumb"},"inLanguage":"en-US","potentialAction":[{"@type":"ReadAction","target":["https:\/\/cocagne.pro\/en\/workshop\/"]}]},{"@type":"BreadcrumbList","@id":"https:\/\/cocagne.pro\/en\/workshop\/#breadcrumb","itemListElement":[{"@type":"ListItem","position":1,"name":"Accueil","item":"https:\/\/cocagne.pro\/en\/"},{"@type":"ListItem","position":2,"name":"Workshop"}]},{"@type":"WebSite","@id":"https:\/\/cocagne.pro\/en\/#website","url":"https:\/\/cocagne.pro\/en\/","name":"Cocagne Pro","description":"Des id\u00e9es du go\u00fbt","publisher":{"@id":"https:\/\/cocagne.pro\/en\/#organization"},"alternateName":"Fabricant de produits cocktails & snacking surgel\u00e9s, sal\u00e9s et sucr\u00e9s","potentialAction":[{"@type":"SearchAction","target":{"@type":"EntryPoint","urlTemplate":"https:\/\/cocagne.pro\/en\/?s={search_term_string}"},"query-input":{"@type":"PropertyValueSpecification","valueRequired":true,"valueName":"search_term_string"}}],"inLanguage":"en-US"},{"@type":"Organization","@id":"https:\/\/cocagne.pro\/en\/#organization","name":"Cocagne Pro","url":"https:\/\/cocagne.pro\/en\/","logo":{"@type":"ImageObject","inLanguage":"en-US","@id":"https:\/\/cocagne.pro\/en\/#\/schema\/logo\/image\/","url":"https:\/\/cocagne.pro\/wp-content\/uploads\/2023\/08\/logo-cocagne.png","contentUrl":"https:\/\/cocagne.pro\/wp-content\/uploads\/2023\/08\/logo-cocagne.png","width":800,"height":800,"caption":"Cocagne Pro"},"image":{"@id":"https:\/\/cocagne.pro\/en\/#\/schema\/logo\/image\/"}}]}},"_links":{"self":[{"href":"https:\/\/cocagne.pro\/en\/wp-json\/wp\/v2\/pages\/6787","targetHints":{"allow":["GET"]}}],"collection":[{"href":"https:\/\/cocagne.pro\/en\/wp-json\/wp\/v2\/pages"}],"about":[{"href":"https:\/\/cocagne.pro\/en\/wp-json\/wp\/v2\/types\/page"}],"author":[{"embeddable":true,"href":"https:\/\/cocagne.pro\/en\/wp-json\/wp\/v2\/users\/1"}],"replies":[{"embeddable":true,"href":"https:\/\/cocagne.pro\/en\/wp-json\/wp\/v2\/comments?post=6787"}],"version-history":[{"count":8,"href":"https:\/\/cocagne.pro\/en\/wp-json\/wp\/v2\/pages\/6787\/revisions"}],"predecessor-version":[{"id":6902,"href":"https:\/\/cocagne.pro\/en\/wp-json\/wp\/v2\/pages\/6787\/revisions\/6902"}],"wp:attachment":[{"href":"https:\/\/cocagne.pro\/en\/wp-json\/wp\/v2\/media?parent=6787"}],"curies":[{"name":"wp","href":"https:\/\/api.w.org\/{rel}","templated":true}]}}