{"id":6785,"date":"2023-08-03T19:19:30","date_gmt":"2023-08-03T19:19:30","guid":{"rendered":"https:\/\/cocagne.pro\/terms-of-use\/"},"modified":"2024-10-07T13:03:57","modified_gmt":"2024-10-07T13:03:57","slug":"terms-of-use","status":"publish","type":"page","link":"https:\/\/cocagne.pro\/en\/terms-of-use\/","title":{"rendered":"Terms of use"},"content":{"rendered":"\n<h3 class=\"wp-block-heading\" id=\"1-pr-sentation-du-site\">1. Site presentation<\/h3>\n\n<p><strong>Site name<\/strong>: Cocagne.pro<br\/><strong>URL:<\/strong> https:\/\/cocagne.pro<br\/>SAS COCAGNE SAS au capital de 700 000 \u20ac dont le si\u00e8ge social est situ\u00e9 PA du Moulin d&#8217;Ecalles -76690 La Rue Saint Pierre  <\/p>\n\n<p>Tel : 02.32.80.80.90 &#8211; Fax : 02.32.80.80.95 &#8211;  <\/p>\n\n<p>Mail: <a href=\"mailto:info@sas-cocagne.com\">info@sas-cocagne.com<\/a> <\/p>\n\n<p>SIRET: 38091461400025 registered with the Rouen Trade and Companies Register under number B380 914 614  <\/p>\n\n<p>identified under intracommunity number FR46 380 146 614<\/p>\n\n<h3 class=\"wp-block-heading\" id=\"2-h-bergement\">2. Hosting<\/h3>\n\n<p>The website host is: Webaxys<br\/><strong>Name of host<\/strong>: Webaxys<br\/><strong>Address of host<\/strong>: <strong> <\/strong><a href=\"https:\/\/www.google.com\/maps\/place\/\/data=!4m2!3m1!1s0x47e0de57198a635b:0xbac9f81598ff4966?sa=X&amp;ved=1t:8290&amp;ictx=111\">Parc Bertel, 355 Rue Victor Hugo Lot 2, 76300 Sotteville-l\u00e8s-Rouen<\/a><br\/><\/p>\n\n<h3 class=\"wp-block-heading\" id=\"3-propri-t-intellectuelle\">3. Intellectual property<\/h3>\n\n<p>All content on the <strong>Cocagne.pro<\/strong> website, including but not limited to graphics, images, texts, videos, animations, sounds, logos, gifs and icons, as well as their layout, is the exclusive property of Luc Alexandre, with the exception of trademarks, logos or content belonging to other partner companies or authors.<\/p>\n\n<p>Any reproduction, distribution, modification, adaptation, retransmission or publication, even partial, of these various elements is strictly forbidden without the express written consent of Luc Alexandre.<\/p>\n\n<h3 class=\"wp-block-heading\" id=\"4-protection-des-donn-es-personnelles\">4. Personal data protection<\/h3>\n\n<p>In accordance with the French Data Protection Act of January 6, 1978, as amended, and the General Data Protection Regulation (RGPD), the user has the right to access, rectify, delete and object to personal data concerning him or her.<br\/>These rights may be exercised by contacting Cocagne.pro at the following address: <a href=\"mailto:info@sas-cocagne.com\">info@sas-cocagne.com<\/a> <\/p>\n\n<h3 class=\"wp-block-heading\" id=\"5-cookies\">5. Cookies<\/h3>\n\n<p>The <strong>Cocagne.pro<\/strong> website may ask you to accept cookies for statistical and display purposes.\nA cookie is a piece of information placed on your hard disk by the server of the site you are visiting. <\/p>\n\n<h3 class=\"wp-block-heading\" id=\"6-limitation-de-responsabilit-\">6. Limitation of liability<\/h3>\n\n<p>The information contained on this site is as accurate as possible and the site is periodically updated, but may nevertheless contain inaccuracies or omissions.\nIf you notice any inaccuracies or errors, please send an e-mail to <a href=\"mailto:info@sas-cocagne.com\">info@sas-cocagne.com<\/a>. <\/p>\n\n<h3 class=\"wp-block-heading\" id=\"7-droit-applicable\">7. Applicable law<\/h3>\n\n<p>Any dispute arising from the use of the <strong>Cocagne.pro<\/strong> website is subject to French law.\nExclusive jurisdiction is granted to the competent courts of Rouen. <\/p>\n","protected":false},"excerpt":{"rendered":"<p>1. Site presentation Site name: Cocagne.proURL: https:\/\/cocagne.proSAS COCAGNE SAS au capital de 700 000 \u20ac dont le si\u00e8ge social est situ\u00e9 PA du Moulin d&#8217;Ecalles -76690 La Rue Saint Pierre Tel : 02.32.80.80.90 &#8211; Fax : 02.32.80.80.95 &#8211; Mail: info@sas-cocagne.com [&hellip;]<\/p>\n","protected":false},"author":1,"featured_media":0,"parent":0,"menu_order":0,"comment_status":"closed","ping_status":"closed","template":"","meta":{"footnotes":""},"class_list":["post-6785","page","type-page","status-publish","hentry"],"yoast_head":"<!-- This site is optimized with the Yoast SEO plugin v25.9 - https:\/\/yoast.com\/wordpress\/plugins\/seo\/ -->\n<title>Terms of use &#8226; Cocagne Pro<\/title>\n<meta name=\"robots\" content=\"index, follow, max-snippet:-1, max-image-preview:large, max-video-preview:-1\" \/>\n<link rel=\"canonical\" href=\"https:\/\/cocagne.pro\/en\/terms-of-use\/\" \/>\n<meta property=\"og:locale\" content=\"en_US\" \/>\n<meta property=\"og:type\" content=\"article\" \/>\n<meta property=\"og:title\" content=\"Terms of use &#8226; Cocagne Pro\" \/>\n<meta property=\"og:description\" content=\"1. Site presentation Site name: Cocagne.proURL: https:\/\/cocagne.proSAS COCAGNE SAS au capital de 700 000 \u20ac dont le si\u00e8ge social est situ\u00e9 PA du Moulin d&#8217;Ecalles -76690 La Rue Saint Pierre Tel : 02.32.80.80.90 &#8211; Fax : 02.32.80.80.95 &#8211; Mail: info@sas-cocagne.com [&hellip;]\" \/>\n<meta property=\"og:url\" content=\"https:\/\/cocagne.pro\/en\/terms-of-use\/\" \/>\n<meta property=\"og:site_name\" content=\"Cocagne Pro\" \/>\n<meta property=\"article:modified_time\" content=\"2024-10-07T13:03:57+00:00\" \/>\n<meta property=\"og:image\" content=\"https:\/\/cocagne.pro\/wp-content\/uploads\/2023\/08\/mini-sandwichs.jpg\" \/>\n\t<meta property=\"og:image:width\" content=\"1080\" \/>\n\t<meta property=\"og:image:height\" content=\"810\" \/>\n\t<meta property=\"og:image:type\" content=\"image\/jpeg\" \/>\n<meta name=\"twitter:card\" content=\"summary_large_image\" \/>\n<script type=\"application\/ld+json\" class=\"yoast-schema-graph\">{\"@context\":\"https:\/\/schema.org\",\"@graph\":[{\"@type\":\"WebPage\",\"@id\":\"https:\/\/cocagne.pro\/en\/terms-of-use\/\",\"url\":\"https:\/\/cocagne.pro\/en\/terms-of-use\/\",\"name\":\"Terms of use &#8226; Cocagne Pro\",\"isPartOf\":{\"@id\":\"https:\/\/cocagne.pro\/en\/#website\"},\"datePublished\":\"2023-08-03T19:19:30+00:00\",\"dateModified\":\"2024-10-07T13:03:57+00:00\",\"breadcrumb\":{\"@id\":\"https:\/\/cocagne.pro\/en\/terms-of-use\/#breadcrumb\"},\"inLanguage\":\"en-US\",\"potentialAction\":[{\"@type\":\"ReadAction\",\"target\":[\"https:\/\/cocagne.pro\/en\/terms-of-use\/\"]}]},{\"@type\":\"BreadcrumbList\",\"@id\":\"https:\/\/cocagne.pro\/en\/terms-of-use\/#breadcrumb\",\"itemListElement\":[{\"@type\":\"ListItem\",\"position\":1,\"name\":\"Accueil\",\"item\":\"https:\/\/cocagne.pro\/en\/\"},{\"@type\":\"ListItem\",\"position\":2,\"name\":\"Terms of use\"}]},{\"@type\":\"WebSite\",\"@id\":\"https:\/\/cocagne.pro\/en\/#website\",\"url\":\"https:\/\/cocagne.pro\/en\/\",\"name\":\"Cocagne Pro\",\"description\":\"Des id\u00e9es du go\u00fbt\",\"publisher\":{\"@id\":\"https:\/\/cocagne.pro\/en\/#organization\"},\"alternateName\":\"Fabricant de produits cocktails & snacking surgel\u00e9s, sal\u00e9s et sucr\u00e9s\",\"potentialAction\":[{\"@type\":\"SearchAction\",\"target\":{\"@type\":\"EntryPoint\",\"urlTemplate\":\"https:\/\/cocagne.pro\/en\/?s={search_term_string}\"},\"query-input\":{\"@type\":\"PropertyValueSpecification\",\"valueRequired\":true,\"valueName\":\"search_term_string\"}}],\"inLanguage\":\"en-US\"},{\"@type\":\"Organization\",\"@id\":\"https:\/\/cocagne.pro\/en\/#organization\",\"name\":\"Cocagne Pro\",\"url\":\"https:\/\/cocagne.pro\/en\/\",\"logo\":{\"@type\":\"ImageObject\",\"inLanguage\":\"en-US\",\"@id\":\"https:\/\/cocagne.pro\/en\/#\/schema\/logo\/image\/\",\"url\":\"https:\/\/cocagne.pro\/wp-content\/uploads\/2023\/08\/logo-cocagne.png\",\"contentUrl\":\"https:\/\/cocagne.pro\/wp-content\/uploads\/2023\/08\/logo-cocagne.png\",\"width\":800,\"height\":800,\"caption\":\"Cocagne Pro\"},\"image\":{\"@id\":\"https:\/\/cocagne.pro\/en\/#\/schema\/logo\/image\/\"}}]}<\/script>\n<!-- \/ Yoast SEO plugin. -->","yoast_head_json":{"title":"Terms of use &#8226; Cocagne Pro","robots":{"index":"index","follow":"follow","max-snippet":"max-snippet:-1","max-image-preview":"max-image-preview:large","max-video-preview":"max-video-preview:-1"},"canonical":"https:\/\/cocagne.pro\/en\/terms-of-use\/","og_locale":"en_US","og_type":"article","og_title":"Terms of use &#8226; Cocagne Pro","og_description":"1. Site presentation Site name: Cocagne.proURL: https:\/\/cocagne.proSAS COCAGNE SAS au capital de 700 000 \u20ac dont le si\u00e8ge social est situ\u00e9 PA du Moulin d&#8217;Ecalles -76690 La Rue Saint Pierre Tel : 02.32.80.80.90 &#8211; Fax : 02.32.80.80.95 &#8211; Mail: info@sas-cocagne.com [&hellip;]","og_url":"https:\/\/cocagne.pro\/en\/terms-of-use\/","og_site_name":"Cocagne Pro","article_modified_time":"2024-10-07T13:03:57+00:00","og_image":[{"width":1080,"height":810,"url":"https:\/\/cocagne.pro\/wp-content\/uploads\/2023\/08\/mini-sandwichs.jpg","type":"image\/jpeg"}],"twitter_card":"summary_large_image","schema":{"@context":"https:\/\/schema.org","@graph":[{"@type":"WebPage","@id":"https:\/\/cocagne.pro\/en\/terms-of-use\/","url":"https:\/\/cocagne.pro\/en\/terms-of-use\/","name":"Terms of use &#8226; Cocagne Pro","isPartOf":{"@id":"https:\/\/cocagne.pro\/en\/#website"},"datePublished":"2023-08-03T19:19:30+00:00","dateModified":"2024-10-07T13:03:57+00:00","breadcrumb":{"@id":"https:\/\/cocagne.pro\/en\/terms-of-use\/#breadcrumb"},"inLanguage":"en-US","potentialAction":[{"@type":"ReadAction","target":["https:\/\/cocagne.pro\/en\/terms-of-use\/"]}]},{"@type":"BreadcrumbList","@id":"https:\/\/cocagne.pro\/en\/terms-of-use\/#breadcrumb","itemListElement":[{"@type":"ListItem","position":1,"name":"Accueil","item":"https:\/\/cocagne.pro\/en\/"},{"@type":"ListItem","position":2,"name":"Terms of use"}]},{"@type":"WebSite","@id":"https:\/\/cocagne.pro\/en\/#website","url":"https:\/\/cocagne.pro\/en\/","name":"Cocagne Pro","description":"Des id\u00e9es du go\u00fbt","publisher":{"@id":"https:\/\/cocagne.pro\/en\/#organization"},"alternateName":"Fabricant de produits cocktails & snacking surgel\u00e9s, sal\u00e9s et sucr\u00e9s","potentialAction":[{"@type":"SearchAction","target":{"@type":"EntryPoint","urlTemplate":"https:\/\/cocagne.pro\/en\/?s={search_term_string}"},"query-input":{"@type":"PropertyValueSpecification","valueRequired":true,"valueName":"search_term_string"}}],"inLanguage":"en-US"},{"@type":"Organization","@id":"https:\/\/cocagne.pro\/en\/#organization","name":"Cocagne Pro","url":"https:\/\/cocagne.pro\/en\/","logo":{"@type":"ImageObject","inLanguage":"en-US","@id":"https:\/\/cocagne.pro\/en\/#\/schema\/logo\/image\/","url":"https:\/\/cocagne.pro\/wp-content\/uploads\/2023\/08\/logo-cocagne.png","contentUrl":"https:\/\/cocagne.pro\/wp-content\/uploads\/2023\/08\/logo-cocagne.png","width":800,"height":800,"caption":"Cocagne Pro"},"image":{"@id":"https:\/\/cocagne.pro\/en\/#\/schema\/logo\/image\/"}}]}},"_links":{"self":[{"href":"https:\/\/cocagne.pro\/en\/wp-json\/wp\/v2\/pages\/6785","targetHints":{"allow":["GET"]}}],"collection":[{"href":"https:\/\/cocagne.pro\/en\/wp-json\/wp\/v2\/pages"}],"about":[{"href":"https:\/\/cocagne.pro\/en\/wp-json\/wp\/v2\/types\/page"}],"author":[{"embeddable":true,"href":"https:\/\/cocagne.pro\/en\/wp-json\/wp\/v2\/users\/1"}],"replies":[{"embeddable":true,"href":"https:\/\/cocagne.pro\/en\/wp-json\/wp\/v2\/comments?post=6785"}],"version-history":[{"count":2,"href":"https:\/\/cocagne.pro\/en\/wp-json\/wp\/v2\/pages\/6785\/revisions"}],"predecessor-version":[{"id":6788,"href":"https:\/\/cocagne.pro\/en\/wp-json\/wp\/v2\/pages\/6785\/revisions\/6788"}],"wp:attachment":[{"href":"https:\/\/cocagne.pro\/en\/wp-json\/wp\/v2\/media?parent=6785"}],"curies":[{"name":"wp","href":"https:\/\/api.w.org\/{rel}","templated":true}]}}