{"id":6778,"date":"2023-08-03T19:18:07","date_gmt":"2023-08-03T19:18:07","guid":{"rendered":"https:\/\/cocagne.pro\/privacy-policy\/"},"modified":"2024-10-07T13:02:50","modified_gmt":"2024-10-07T13:02:50","slug":"privacy-policy","status":"publish","type":"page","link":"https:\/\/cocagne.pro\/en\/privacy-policy\/","title":{"rendered":"Privacy policy"},"content":{"rendered":"\n<h2 class=\"wp-block-heading\">Who we are<\/h2>\n\n<p>Our website address is: https:\/\/cocagne.pro.<\/p>\n\n<h2 class=\"wp-block-heading\">Comments<\/h2>\n\n<p>When you leave a comment on our site, the data entered in the comment form, as well as your IP address and your browser&#8217;s user agent, are collected to help us detect undesirable comments.<\/p>\n\n<p>An anonymized string created from your e-mail address (also known as a hash) may be sent to the Gravatar service to verify your use of the service.\nGravatar&#8217;s privacy policy is available here: https:\/\/automattic.com\/privacy\/. Once your comment has been validated, your profile photo will be publicly visible alongside your comment. <\/p>\n\n<h2 class=\"wp-block-heading\">Media<\/h2>\n\n<p>If you upload images to the site, we advise you to avoid uploading images containing EXIF data of GPS coordinates.\nPeople visiting your site may download and extract location data from these images. <\/p>\n\n<h2 class=\"wp-block-heading\">Cookies<\/h2>\n\n<p>If you leave a comment on our site, you will be asked to save your name, e-mail address and site in cookies.\nThis is only for your convenience, so that you don&#8217;t have to enter this information if you leave another comment later.\nThese cookies expire after one year.  <\/p>\n\n<p>If you go to the login page, a temporary cookie will be created to determine whether your browser accepts cookies.\nIt contains no personal data and will be deleted automatically when you close your browser. <\/p>\n\n<p>When you log in, we will set a number of cookies to record your login information and screen preferences.\nThe lifetime of a connection cookie is two days, that of a screen option cookie is one year.\nIf you check &#8220;Remember me&#8221;, your login cookie will be kept for two weeks.\nIf you log out of your account, the login cookie will be deleted.   <\/p>\n\n<p>By modifying or publishing a publication, an additional cookie will be stored in your browser.\nThis cookie does not contain any personal data.\nIt simply indicates the ID of the publication you have just modified.\nIt expires after one day.   <\/p>\n\n<h2 class=\"wp-block-heading\">Embedded content from other sites<\/h2>\n\n<p>Articles on this site may include embedded content (e.g. videos, images, articles, etc.).\nEmbedded content from other sites behaves in the same way as if the visitor were visiting that other site. <\/p>\n\n<p>These websites may collect data about you, use cookies, embed third-party tracking tools, track your interactions with these embedded contents if you have a logged-in account on their website.<\/p>\n\n<h2 class=\"wp-block-heading\">Use and transmission of your personal data<\/h2>\n\n<p>If you request a password reset, your IP address will be included in the reset e-mail.<\/p>\n\n<h2 class=\"wp-block-heading\">Data storage periods<\/h2>\n\n<p>If you leave a comment, the comment and its metadata are retained indefinitely.\nThis makes it possible to automatically recognize and approve subsequent comments, rather than leaving them in the moderation queue. <\/p>\n\n<p>For accounts that register on our site (where applicable), we also store the personal data indicated in their profile.\nAll accounts can view, modify or delete their personal information at any time (with the exception of their login).\nSite managers can also view and modify this information.  <\/p>\n\n<h2 class=\"wp-block-heading\">The rights you have over your data<\/h2>\n\n<p>If you have an account or if you have left comments on the site, you may request to receive a file containing all the personal data we hold about you, including that which you have provided to us.\nYou can also request the deletion of your personal data.\nThis does not include data stored for administrative, legal or security purposes.  <\/p>\n\n<h2 class=\"wp-block-heading\">Where your data is sent<\/h2>\n\n<p>Visitor comments can be checked using an automated spam detection service.<\/p>\n","protected":false},"excerpt":{"rendered":"<p>Who we are Our website address is: https:\/\/cocagne.pro. Comments When you leave a comment on our site, the data entered in the comment form, as well as your IP address and your browser&#8217;s user agent, are collected to help us [&hellip;]<\/p>\n","protected":false},"author":1,"featured_media":0,"parent":0,"menu_order":0,"comment_status":"closed","ping_status":"closed","template":"","meta":{"footnotes":""},"class_list":["post-6778","page","type-page","status-publish","hentry"],"yoast_head":"<!-- This site is optimized with the Yoast SEO plugin v25.9 - https:\/\/yoast.com\/wordpress\/plugins\/seo\/ -->\n<title>Privacy policy &#8226; Cocagne Pro<\/title>\n<meta name=\"robots\" content=\"index, follow, max-snippet:-1, max-image-preview:large, max-video-preview:-1\" \/>\n<link rel=\"canonical\" href=\"https:\/\/cocagne.pro\/en\/privacy-policy\/\" \/>\n<meta property=\"og:locale\" content=\"en_US\" \/>\n<meta property=\"og:type\" content=\"article\" \/>\n<meta property=\"og:title\" content=\"Privacy policy &#8226; Cocagne Pro\" \/>\n<meta property=\"og:description\" content=\"Who we are Our website address is: https:\/\/cocagne.pro. Comments When you leave a comment on our site, the data entered in the comment form, as well as your IP address and your browser&#8217;s user agent, are collected to help us [&hellip;]\" \/>\n<meta property=\"og:url\" content=\"https:\/\/cocagne.pro\/en\/privacy-policy\/\" \/>\n<meta property=\"og:site_name\" content=\"Cocagne Pro\" \/>\n<meta property=\"article:modified_time\" content=\"2024-10-07T13:02:50+00:00\" \/>\n<meta property=\"og:image\" content=\"https:\/\/cocagne.pro\/wp-content\/uploads\/2023\/08\/mini-sandwichs.jpg\" \/>\n\t<meta property=\"og:image:width\" content=\"1080\" \/>\n\t<meta property=\"og:image:height\" content=\"810\" \/>\n\t<meta property=\"og:image:type\" content=\"image\/jpeg\" \/>\n<meta name=\"twitter:card\" content=\"summary_large_image\" \/>\n<script type=\"application\/ld+json\" class=\"yoast-schema-graph\">{\"@context\":\"https:\/\/schema.org\",\"@graph\":[{\"@type\":\"WebPage\",\"@id\":\"https:\/\/cocagne.pro\/en\/privacy-policy\/\",\"url\":\"https:\/\/cocagne.pro\/en\/privacy-policy\/\",\"name\":\"Privacy policy &#8226; Cocagne Pro\",\"isPartOf\":{\"@id\":\"https:\/\/cocagne.pro\/en\/#website\"},\"datePublished\":\"2023-08-03T19:18:07+00:00\",\"dateModified\":\"2024-10-07T13:02:50+00:00\",\"breadcrumb\":{\"@id\":\"https:\/\/cocagne.pro\/en\/privacy-policy\/#breadcrumb\"},\"inLanguage\":\"en-US\",\"potentialAction\":[{\"@type\":\"ReadAction\",\"target\":[\"https:\/\/cocagne.pro\/en\/privacy-policy\/\"]}]},{\"@type\":\"BreadcrumbList\",\"@id\":\"https:\/\/cocagne.pro\/en\/privacy-policy\/#breadcrumb\",\"itemListElement\":[{\"@type\":\"ListItem\",\"position\":1,\"name\":\"Accueil\",\"item\":\"https:\/\/cocagne.pro\/en\/\"},{\"@type\":\"ListItem\",\"position\":2,\"name\":\"Privacy policy\"}]},{\"@type\":\"WebSite\",\"@id\":\"https:\/\/cocagne.pro\/en\/#website\",\"url\":\"https:\/\/cocagne.pro\/en\/\",\"name\":\"Cocagne Pro\",\"description\":\"Des id\u00e9es du go\u00fbt\",\"publisher\":{\"@id\":\"https:\/\/cocagne.pro\/en\/#organization\"},\"alternateName\":\"Fabricant de produits cocktails & snacking surgel\u00e9s, sal\u00e9s et sucr\u00e9s\",\"potentialAction\":[{\"@type\":\"SearchAction\",\"target\":{\"@type\":\"EntryPoint\",\"urlTemplate\":\"https:\/\/cocagne.pro\/en\/?s={search_term_string}\"},\"query-input\":{\"@type\":\"PropertyValueSpecification\",\"valueRequired\":true,\"valueName\":\"search_term_string\"}}],\"inLanguage\":\"en-US\"},{\"@type\":\"Organization\",\"@id\":\"https:\/\/cocagne.pro\/en\/#organization\",\"name\":\"Cocagne Pro\",\"url\":\"https:\/\/cocagne.pro\/en\/\",\"logo\":{\"@type\":\"ImageObject\",\"inLanguage\":\"en-US\",\"@id\":\"https:\/\/cocagne.pro\/en\/#\/schema\/logo\/image\/\",\"url\":\"https:\/\/cocagne.pro\/wp-content\/uploads\/2023\/08\/logo-cocagne.png\",\"contentUrl\":\"https:\/\/cocagne.pro\/wp-content\/uploads\/2023\/08\/logo-cocagne.png\",\"width\":800,\"height\":800,\"caption\":\"Cocagne Pro\"},\"image\":{\"@id\":\"https:\/\/cocagne.pro\/en\/#\/schema\/logo\/image\/\"}}]}<\/script>\n<!-- \/ Yoast SEO plugin. -->","yoast_head_json":{"title":"Privacy policy &#8226; Cocagne Pro","robots":{"index":"index","follow":"follow","max-snippet":"max-snippet:-1","max-image-preview":"max-image-preview:large","max-video-preview":"max-video-preview:-1"},"canonical":"https:\/\/cocagne.pro\/en\/privacy-policy\/","og_locale":"en_US","og_type":"article","og_title":"Privacy policy &#8226; Cocagne Pro","og_description":"Who we are Our website address is: https:\/\/cocagne.pro. Comments When you leave a comment on our site, the data entered in the comment form, as well as your IP address and your browser&#8217;s user agent, are collected to help us [&hellip;]","og_url":"https:\/\/cocagne.pro\/en\/privacy-policy\/","og_site_name":"Cocagne Pro","article_modified_time":"2024-10-07T13:02:50+00:00","og_image":[{"width":1080,"height":810,"url":"https:\/\/cocagne.pro\/wp-content\/uploads\/2023\/08\/mini-sandwichs.jpg","type":"image\/jpeg"}],"twitter_card":"summary_large_image","schema":{"@context":"https:\/\/schema.org","@graph":[{"@type":"WebPage","@id":"https:\/\/cocagne.pro\/en\/privacy-policy\/","url":"https:\/\/cocagne.pro\/en\/privacy-policy\/","name":"Privacy policy &#8226; Cocagne Pro","isPartOf":{"@id":"https:\/\/cocagne.pro\/en\/#website"},"datePublished":"2023-08-03T19:18:07+00:00","dateModified":"2024-10-07T13:02:50+00:00","breadcrumb":{"@id":"https:\/\/cocagne.pro\/en\/privacy-policy\/#breadcrumb"},"inLanguage":"en-US","potentialAction":[{"@type":"ReadAction","target":["https:\/\/cocagne.pro\/en\/privacy-policy\/"]}]},{"@type":"BreadcrumbList","@id":"https:\/\/cocagne.pro\/en\/privacy-policy\/#breadcrumb","itemListElement":[{"@type":"ListItem","position":1,"name":"Accueil","item":"https:\/\/cocagne.pro\/en\/"},{"@type":"ListItem","position":2,"name":"Privacy policy"}]},{"@type":"WebSite","@id":"https:\/\/cocagne.pro\/en\/#website","url":"https:\/\/cocagne.pro\/en\/","name":"Cocagne Pro","description":"Des id\u00e9es du go\u00fbt","publisher":{"@id":"https:\/\/cocagne.pro\/en\/#organization"},"alternateName":"Fabricant de produits cocktails & snacking surgel\u00e9s, sal\u00e9s et sucr\u00e9s","potentialAction":[{"@type":"SearchAction","target":{"@type":"EntryPoint","urlTemplate":"https:\/\/cocagne.pro\/en\/?s={search_term_string}"},"query-input":{"@type":"PropertyValueSpecification","valueRequired":true,"valueName":"search_term_string"}}],"inLanguage":"en-US"},{"@type":"Organization","@id":"https:\/\/cocagne.pro\/en\/#organization","name":"Cocagne Pro","url":"https:\/\/cocagne.pro\/en\/","logo":{"@type":"ImageObject","inLanguage":"en-US","@id":"https:\/\/cocagne.pro\/en\/#\/schema\/logo\/image\/","url":"https:\/\/cocagne.pro\/wp-content\/uploads\/2023\/08\/logo-cocagne.png","contentUrl":"https:\/\/cocagne.pro\/wp-content\/uploads\/2023\/08\/logo-cocagne.png","width":800,"height":800,"caption":"Cocagne Pro"},"image":{"@id":"https:\/\/cocagne.pro\/en\/#\/schema\/logo\/image\/"}}]}},"_links":{"self":[{"href":"https:\/\/cocagne.pro\/en\/wp-json\/wp\/v2\/pages\/6778","targetHints":{"allow":["GET"]}}],"collection":[{"href":"https:\/\/cocagne.pro\/en\/wp-json\/wp\/v2\/pages"}],"about":[{"href":"https:\/\/cocagne.pro\/en\/wp-json\/wp\/v2\/types\/page"}],"author":[{"embeddable":true,"href":"https:\/\/cocagne.pro\/en\/wp-json\/wp\/v2\/users\/1"}],"replies":[{"embeddable":true,"href":"https:\/\/cocagne.pro\/en\/wp-json\/wp\/v2\/comments?post=6778"}],"version-history":[{"count":2,"href":"https:\/\/cocagne.pro\/en\/wp-json\/wp\/v2\/pages\/6778\/revisions"}],"predecessor-version":[{"id":6783,"href":"https:\/\/cocagne.pro\/en\/wp-json\/wp\/v2\/pages\/6778\/revisions\/6783"}],"wp:attachment":[{"href":"https:\/\/cocagne.pro\/en\/wp-json\/wp\/v2\/media?parent=6778"}],"curies":[{"name":"wp","href":"https:\/\/api.w.org\/{rel}","templated":true}]}}