{"id":6768,"date":"2023-08-07T14:10:28","date_gmt":"2023-08-07T14:10:28","guid":{"rendered":"https:\/\/cocagne.pro\/products\/"},"modified":"2024-10-07T12:57:30","modified_gmt":"2024-10-07T12:57:30","slug":"products","status":"publish","type":"page","link":"https:\/\/cocagne.pro\/en\/products\/","title":{"rendered":"Products"},"content":{"rendered":"<section class=\"wpb-content-wrapper\"><p>[vc_section el_id=&#8221;offres&#8221;][vc_row][vc_column][vc_empty_space]<p class=\"edgt-custom-font-holder  edgt-cf-1387 \" style=\"font-size: 24px;line-height: 35px;font-weight: 400;font-style: normal;text-align: center\" data-item-class=\"edgt-cf-1387\">\n\tWhether over-catalog, made-to-measure or to surprise, we produce over 300 references every year.<\/p>[vc_empty_space][\/vc_column][\/vc_row][\/vc_section][vc_row el_id=&#8221;know-how&#8221; css=&#8221;.vc_custom_1725281313304{margin-top: 50px !important;}&#8221;][vc_column]<div class=\"edgt-portfolio-list-holder edgt-pl-gallery edgt-large-space edgt-pl-four-columns edgt-pl-standard-shader   edgt-pl-no-content edgt-pl-pag-no-pagination     \"  data-type=gallery data-number-of-columns=4 data-space-between-items=large data-number-of-items=-1 data-image-proportions=full data-enable-fixed-proportions=no data-enable-image-shadow=no data-category=savoir-faire data-order-by=date data-order=ASC data-item-style=standard-shader data-enable-title=no data-title-tag=h4 data-enable-category=no data-enable-count-images=no data-enable-excerpt=no data-excerpt-length=20 data-pagination-type=no-pagination data-filter=no data-filter-order-by=name data-enable-article-animation=no data-portfolio-slider-on=no data-enable-loop=yes data-enable-autoplay=yes data-slider-speed=5000 data-slider-speed-animation=600 data-enable-navigation=yes data-enable-pagination=yes data-max-num-pages=0 data-next-page=2>\n\t\t\n\t<div class=\"edgt-pl-inner edgt-outer-space  clearfix\">\n\t\t<article class=\"edgt-pl-item edgt-item-space  post-6829 portfolio-item type-portfolio-item status-publish has-post-thumbnail hentry portfolio-category-know-how\">\n\t<div class=\"edgt-pl-item-inner\">\n\t\t<div class=\"edgt-pli-image\">\n\t\t\t<img loading=\"lazy\" decoding=\"async\" width=\"500\" height=\"500\" src=\"https:\/\/cocagne.pro\/wp-content\/uploads\/2023\/07\/Canape.png\" class=\"attachment-full size-full wp-post-image\" alt=\"\" srcset=\"https:\/\/cocagne.pro\/wp-content\/uploads\/2023\/07\/Canape.png 500w, https:\/\/cocagne.pro\/wp-content\/uploads\/2023\/07\/Canape-300x300.png 300w, https:\/\/cocagne.pro\/wp-content\/uploads\/2023\/07\/Canape-400x400.png 400w, https:\/\/cocagne.pro\/wp-content\/uploads\/2023\/07\/Canape-150x150.png 150w\" sizes=\"auto, (max-width: 500px) 100vw, 500px\" \/>\t<\/div>\n<div class=\"edgt-pli-text-holder\">\n\t<div class=\"edgt-pli-text-wrapper\">\n\t\t<div class=\"edgt-pli-text\">\n\t\t\t\n\t\t\t\n\t\t\t\n\t\t\t\t\t<\/div>\n\t<\/div>\n<\/div>\t\t\n\t\t<a itemprop=\"url\" class=\"edgt-pli-link edgt-block-drag-link\" href=\"https:\/\/cocagne.pro\/en\/portfolio-item\/canape\/\" target=\"_self\"><\/a>\n\t<\/div>\n<\/article><article class=\"edgt-pl-item edgt-item-space  post-6831 portfolio-item type-portfolio-item status-publish has-post-thumbnail hentry portfolio-category-know-how\">\n\t<div class=\"edgt-pl-item-inner\">\n\t\t<div class=\"edgt-pli-image\">\n\t\t\t<img loading=\"lazy\" decoding=\"async\" width=\"500\" height=\"500\" src=\"https:\/\/cocagne.pro\/wp-content\/uploads\/2023\/08\/Sandwich.png\" class=\"attachment-full size-full wp-post-image\" alt=\"\" srcset=\"https:\/\/cocagne.pro\/wp-content\/uploads\/2023\/08\/Sandwich.png 500w, https:\/\/cocagne.pro\/wp-content\/uploads\/2023\/08\/Sandwich-300x300.png 300w, https:\/\/cocagne.pro\/wp-content\/uploads\/2023\/08\/Sandwich-400x400.png 400w, https:\/\/cocagne.pro\/wp-content\/uploads\/2023\/08\/Sandwich-150x150.png 150w\" sizes=\"auto, (max-width: 500px) 100vw, 500px\" \/>\t<\/div>\n<div class=\"edgt-pli-text-holder\">\n\t<div class=\"edgt-pli-text-wrapper\">\n\t\t<div class=\"edgt-pli-text\">\n\t\t\t\n\t\t\t\n\t\t\t\n\t\t\t\t\t<\/div>\n\t<\/div>\n<\/div>\t\t\n\t\t<a itemprop=\"url\" class=\"edgt-pli-link edgt-block-drag-link\" href=\"https:\/\/cocagne.pro\/en\/portfolio-item\/mini-sandwich\/\" target=\"_self\"><\/a>\n\t<\/div>\n<\/article><article class=\"edgt-pl-item edgt-item-space  post-6833 portfolio-item type-portfolio-item status-publish has-post-thumbnail hentry portfolio-category-know-how\">\n\t<div class=\"edgt-pl-item-inner\">\n\t\t<div class=\"edgt-pli-image\">\n\t\t\t<img loading=\"lazy\" decoding=\"async\" width=\"500\" height=\"500\" src=\"https:\/\/cocagne.pro\/wp-content\/uploads\/2023\/08\/surprise-bread.png\" class=\"attachment-full size-full wp-post-image\" alt=\"\" srcset=\"https:\/\/cocagne.pro\/wp-content\/uploads\/2023\/08\/surprise-bread.png 500w, https:\/\/cocagne.pro\/wp-content\/uploads\/2023\/08\/surprise-bread-300x300.png 300w, https:\/\/cocagne.pro\/wp-content\/uploads\/2023\/08\/surprise-bread-400x400.png 400w\" sizes=\"auto, (max-width: 500px) 100vw, 500px\" \/>\t<\/div>\n<div class=\"edgt-pli-text-holder\">\n\t<div class=\"edgt-pli-text-wrapper\">\n\t\t<div class=\"edgt-pli-text\">\n\t\t\t\n\t\t\t\n\t\t\t\n\t\t\t\t\t<\/div>\n\t<\/div>\n<\/div>\t\t\n\t\t<a itemprop=\"url\" class=\"edgt-pli-link edgt-block-drag-link\" href=\"https:\/\/cocagne.pro\/en\/portfolio-item\/surprise-bread\/\" target=\"_self\"><\/a>\n\t<\/div>\n<\/article><article class=\"edgt-pl-item edgt-item-space  post-6835 portfolio-item type-portfolio-item status-publish has-post-thumbnail hentry portfolio-category-know-how\">\n\t<div class=\"edgt-pl-item-inner\">\n\t\t<div class=\"edgt-pli-image\">\n\t\t\t<img loading=\"lazy\" decoding=\"async\" width=\"500\" height=\"500\" src=\"https:\/\/cocagne.pro\/wp-content\/uploads\/2023\/08\/verrine.png\" class=\"attachment-full size-full wp-post-image\" alt=\"\" srcset=\"https:\/\/cocagne.pro\/wp-content\/uploads\/2023\/08\/verrine.png 500w, https:\/\/cocagne.pro\/wp-content\/uploads\/2023\/08\/verrine-300x300.png 300w, https:\/\/cocagne.pro\/wp-content\/uploads\/2023\/08\/verrine-400x400.png 400w\" sizes=\"auto, (max-width: 500px) 100vw, 500px\" \/>\t<\/div>\n<div class=\"edgt-pli-text-holder\">\n\t<div class=\"edgt-pli-text-wrapper\">\n\t\t<div class=\"edgt-pli-text\">\n\t\t\t\n\t\t\t\n\t\t\t\n\t\t\t\t\t<\/div>\n\t<\/div>\n<\/div>\t\t\n\t\t<a itemprop=\"url\" class=\"edgt-pli-link edgt-block-drag-link\" href=\"https:\/\/cocagne.pro\/en\/portfolio-item\/verrine\/\" target=\"_self\"><\/a>\n\t<\/div>\n<\/article><article class=\"edgt-pl-item edgt-item-space  post-6819 portfolio-item type-portfolio-item status-publish has-post-thumbnail hentry portfolio-category-know-how\">\n\t<div class=\"edgt-pl-item-inner\">\n\t\t<div class=\"edgt-pli-image\">\n\t\t\t<img loading=\"lazy\" decoding=\"async\" width=\"500\" height=\"500\" src=\"https:\/\/cocagne.pro\/wp-content\/uploads\/2023\/07\/Chou.png\" class=\"attachment-full size-full wp-post-image\" alt=\"\" srcset=\"https:\/\/cocagne.pro\/wp-content\/uploads\/2023\/07\/Chou.png 500w, https:\/\/cocagne.pro\/wp-content\/uploads\/2023\/07\/Chou-300x300.png 300w, https:\/\/cocagne.pro\/wp-content\/uploads\/2023\/07\/Chou-400x400.png 400w, https:\/\/cocagne.pro\/wp-content\/uploads\/2023\/07\/Chou-150x150.png 150w\" sizes=\"auto, (max-width: 500px) 100vw, 500px\" \/>\t<\/div>\n<div class=\"edgt-pli-text-holder\">\n\t<div class=\"edgt-pli-text-wrapper\">\n\t\t<div class=\"edgt-pli-text\">\n\t\t\t\n\t\t\t\n\t\t\t\n\t\t\t\t\t<\/div>\n\t<\/div>\n<\/div>\t\t\n\t\t<a itemprop=\"url\" class=\"edgt-pli-link edgt-block-drag-link\" href=\"https:\/\/cocagne.pro\/en\/portfolio-item\/mini-chou\/\" target=\"_self\"><\/a>\n\t<\/div>\n<\/article><article class=\"edgt-pl-item edgt-item-space  post-6821 portfolio-item type-portfolio-item status-publish has-post-thumbnail hentry portfolio-category-know-how\">\n\t<div class=\"edgt-pl-item-inner\">\n\t\t<div class=\"edgt-pli-image\">\n\t\t\t<img loading=\"lazy\" decoding=\"async\" width=\"500\" height=\"500\" src=\"https:\/\/cocagne.pro\/wp-content\/uploads\/2023\/07\/Souffle.png\" class=\"attachment-full size-full wp-post-image\" alt=\"\" srcset=\"https:\/\/cocagne.pro\/wp-content\/uploads\/2023\/07\/Souffle.png 500w, https:\/\/cocagne.pro\/wp-content\/uploads\/2023\/07\/Souffle-300x300.png 300w, https:\/\/cocagne.pro\/wp-content\/uploads\/2023\/07\/Souffle-400x400.png 400w, https:\/\/cocagne.pro\/wp-content\/uploads\/2023\/07\/Souffle-150x150.png 150w\" sizes=\"auto, (max-width: 500px) 100vw, 500px\" \/>\t<\/div>\n<div class=\"edgt-pli-text-holder\">\n\t<div class=\"edgt-pli-text-wrapper\">\n\t\t<div class=\"edgt-pli-text\">\n\t\t\t\n\t\t\t\n\t\t\t\n\t\t\t\t\t<\/div>\n\t<\/div>\n<\/div>\t\t\n\t\t<a itemprop=\"url\" class=\"edgt-pli-link edgt-block-drag-link\" href=\"https:\/\/cocagne.pro\/en\/portfolio-item\/souffle\/\" target=\"_self\"><\/a>\n\t<\/div>\n<\/article><article class=\"edgt-pl-item edgt-item-space  post-6823 portfolio-item type-portfolio-item status-publish has-post-thumbnail hentry portfolio-category-know-how\">\n\t<div class=\"edgt-pl-item-inner\">\n\t\t<div class=\"edgt-pli-image\">\n\t\t\t<img loading=\"lazy\" decoding=\"async\" width=\"500\" height=\"500\" src=\"https:\/\/cocagne.pro\/wp-content\/uploads\/2023\/08\/Tartlet.png\" class=\"attachment-full size-full wp-post-image\" alt=\"\" srcset=\"https:\/\/cocagne.pro\/wp-content\/uploads\/2023\/08\/Tartlet.png 500w, https:\/\/cocagne.pro\/wp-content\/uploads\/2023\/08\/Tartlet-300x300.png 300w, https:\/\/cocagne.pro\/wp-content\/uploads\/2023\/08\/Tartlet-400x400.png 400w\" sizes=\"auto, (max-width: 500px) 100vw, 500px\" \/>\t<\/div>\n<div class=\"edgt-pli-text-holder\">\n\t<div class=\"edgt-pli-text-wrapper\">\n\t\t<div class=\"edgt-pli-text\">\n\t\t\t\n\t\t\t\n\t\t\t\n\t\t\t\t\t<\/div>\n\t<\/div>\n<\/div>\t\t\n\t\t<a itemprop=\"url\" class=\"edgt-pli-link edgt-block-drag-link\" href=\"https:\/\/cocagne.pro\/en\/portfolio-item\/mini-tartlet\/\" target=\"_self\"><\/a>\n\t<\/div>\n<\/article><article class=\"edgt-pl-item edgt-item-space  post-6825 portfolio-item type-portfolio-item status-publish has-post-thumbnail hentry portfolio-category-know-how\">\n\t<div class=\"edgt-pl-item-inner\">\n\t\t<div class=\"edgt-pli-image\">\n\t\t\t<img loading=\"lazy\" decoding=\"async\" width=\"500\" height=\"500\" src=\"https:\/\/cocagne.pro\/wp-content\/uploads\/2023\/08\/skewer.png\" class=\"attachment-full size-full wp-post-image\" alt=\"\" srcset=\"https:\/\/cocagne.pro\/wp-content\/uploads\/2023\/08\/skewer.png 500w, https:\/\/cocagne.pro\/wp-content\/uploads\/2023\/08\/skewer-300x300.png 300w, https:\/\/cocagne.pro\/wp-content\/uploads\/2023\/08\/skewer-400x400.png 400w\" sizes=\"auto, (max-width: 500px) 100vw, 500px\" \/>\t<\/div>\n<div class=\"edgt-pli-text-holder\">\n\t<div class=\"edgt-pli-text-wrapper\">\n\t\t<div class=\"edgt-pli-text\">\n\t\t\t\n\t\t\t\n\t\t\t\n\t\t\t\t\t<\/div>\n\t<\/div>\n<\/div>\t\t\n\t\t<a itemprop=\"url\" class=\"edgt-pli-link edgt-block-drag-link\" href=\"https:\/\/cocagne.pro\/en\/portfolio-item\/skewer\/\" target=\"_self\"><\/a>\n\t<\/div>\n<\/article><article class=\"edgt-pl-item edgt-item-space  post-6827 portfolio-item type-portfolio-item status-publish has-post-thumbnail hentry portfolio-category-know-how\">\n\t<div class=\"edgt-pl-item-inner\">\n\t\t<div class=\"edgt-pli-image\">\n\t\t\t<img loading=\"lazy\" decoding=\"async\" width=\"500\" height=\"500\" src=\"https:\/\/cocagne.pro\/wp-content\/uploads\/2023\/08\/Dom-eng.png\" class=\"attachment-full size-full wp-post-image\" alt=\"\" srcset=\"https:\/\/cocagne.pro\/wp-content\/uploads\/2023\/08\/Dom-eng.png 500w, https:\/\/cocagne.pro\/wp-content\/uploads\/2023\/08\/Dom-eng-300x300.png 300w, https:\/\/cocagne.pro\/wp-content\/uploads\/2023\/08\/Dom-eng-400x400.png 400w\" sizes=\"auto, (max-width: 500px) 100vw, 500px\" \/>\t<\/div>\n<div class=\"edgt-pli-text-holder\">\n\t<div class=\"edgt-pli-text-wrapper\">\n\t\t<div class=\"edgt-pli-text\">\n\t\t\t\n\t\t\t\n\t\t\t\n\t\t\t\t\t<\/div>\n\t<\/div>\n<\/div>\t\t\n\t\t<a itemprop=\"url\" class=\"edgt-pli-link edgt-block-drag-link\" href=\"https:\/\/cocagne.pro\/en\/portfolio-item\/dome\/\" target=\"_self\"><\/a>\n\t<\/div>\n<\/article><article class=\"edgt-pl-item edgt-item-space  post-6818 portfolio-item type-portfolio-item status-publish has-post-thumbnail hentry portfolio-category-know-how\">\n\t<div class=\"edgt-pl-item-inner\">\n\t\t<div class=\"edgt-pli-image\">\n\t\t\t<img loading=\"lazy\" decoding=\"async\" width=\"500\" height=\"500\" src=\"https:\/\/cocagne.pro\/wp-content\/uploads\/2023\/08\/cake.png\" class=\"attachment-full size-full wp-post-image\" alt=\"\" srcset=\"https:\/\/cocagne.pro\/wp-content\/uploads\/2023\/08\/cake.png 500w, https:\/\/cocagne.pro\/wp-content\/uploads\/2023\/08\/cake-300x300.png 300w, https:\/\/cocagne.pro\/wp-content\/uploads\/2023\/08\/cake-400x400.png 400w, https:\/\/cocagne.pro\/wp-content\/uploads\/2023\/08\/cake-150x150.png 150w\" sizes=\"auto, (max-width: 500px) 100vw, 500px\" \/>\t<\/div>\n<div class=\"edgt-pli-text-holder\">\n\t<div class=\"edgt-pli-text-wrapper\">\n\t\t<div class=\"edgt-pli-text\">\n\t\t\t\n\t\t\t\n\t\t\t\n\t\t\t\t\t<\/div>\n\t<\/div>\n<\/div>\t\t\n\t\t<a itemprop=\"url\" class=\"edgt-pli-link edgt-block-drag-link\" href=\"https:\/\/cocagne.pro\/en\/portfolio-item\/cake\/\" target=\"_self\"><\/a>\n\t<\/div>\n<\/article><article class=\"edgt-pl-item edgt-item-space  post-6822 portfolio-item type-portfolio-item status-publish has-post-thumbnail hentry portfolio-category-know-how\">\n\t<div class=\"edgt-pl-item-inner\">\n\t\t<div class=\"edgt-pli-image\">\n\t\t\t<img loading=\"lazy\" decoding=\"async\" width=\"500\" height=\"500\" src=\"https:\/\/cocagne.pro\/wp-content\/uploads\/2024\/08\/mini-burgers.png\" class=\"attachment-full size-full wp-post-image\" alt=\"\" srcset=\"https:\/\/cocagne.pro\/wp-content\/uploads\/2024\/08\/mini-burgers.png 500w, https:\/\/cocagne.pro\/wp-content\/uploads\/2024\/08\/mini-burgers-300x300.png 300w, https:\/\/cocagne.pro\/wp-content\/uploads\/2024\/08\/mini-burgers-400x400.png 400w, https:\/\/cocagne.pro\/wp-content\/uploads\/2024\/08\/mini-burgers-150x150.png 150w\" sizes=\"auto, (max-width: 500px) 100vw, 500px\" \/>\t<\/div>\n<div class=\"edgt-pli-text-holder\">\n\t<div class=\"edgt-pli-text-wrapper\">\n\t\t<div class=\"edgt-pli-text\">\n\t\t\t\n\t\t\t\n\t\t\t\n\t\t\t\t\t<\/div>\n\t<\/div>\n<\/div>\t\t\n\t\t<a itemprop=\"url\" class=\"edgt-pli-link edgt-block-drag-link\" href=\"https:\/\/cocagne.pro\/en\/portfolio-item\/mini-burger\/\" target=\"_self\"><\/a>\n\t<\/div>\n<\/article><article class=\"edgt-pl-item edgt-item-space  post-6824 portfolio-item type-portfolio-item status-publish has-post-thumbnail hentry portfolio-category-know-how\">\n\t<div class=\"edgt-pl-item-inner\">\n\t\t<div class=\"edgt-pli-image\">\n\t\t\t<img loading=\"lazy\" decoding=\"async\" width=\"500\" height=\"500\" src=\"https:\/\/cocagne.pro\/wp-content\/uploads\/2024\/08\/bagel2.png\" class=\"attachment-full size-full wp-post-image\" alt=\"\" srcset=\"https:\/\/cocagne.pro\/wp-content\/uploads\/2024\/08\/bagel2.png 500w, https:\/\/cocagne.pro\/wp-content\/uploads\/2024\/08\/bagel2-300x300.png 300w, https:\/\/cocagne.pro\/wp-content\/uploads\/2024\/08\/bagel2-400x400.png 400w, https:\/\/cocagne.pro\/wp-content\/uploads\/2024\/08\/bagel2-150x150.png 150w\" sizes=\"auto, (max-width: 500px) 100vw, 500px\" \/>\t<\/div>\n<div class=\"edgt-pli-text-holder\">\n\t<div class=\"edgt-pli-text-wrapper\">\n\t\t<div class=\"edgt-pli-text\">\n\t\t\t\n\t\t\t\n\t\t\t\n\t\t\t\t\t<\/div>\n\t<\/div>\n<\/div>\t\t\n\t\t<a itemprop=\"url\" class=\"edgt-pli-link edgt-block-drag-link\" href=\"https:\/\/cocagne.pro\/en\/portfolio-item\/mini-bagel\/\" target=\"_self\"><\/a>\n\t<\/div>\n<\/article><article class=\"edgt-pl-item edgt-item-space  post-6817 portfolio-item type-portfolio-item status-publish has-post-thumbnail hentry portfolio-category-know-how\">\n\t<div class=\"edgt-pl-item-inner\">\n\t\t<div class=\"edgt-pli-image\">\n\t\t\t<img loading=\"lazy\" decoding=\"async\" width=\"500\" height=\"500\" src=\"https:\/\/cocagne.pro\/wp-content\/uploads\/2024\/08\/Hot-dog.png\" class=\"attachment-full size-full wp-post-image\" alt=\"\" srcset=\"https:\/\/cocagne.pro\/wp-content\/uploads\/2024\/08\/Hot-dog.png 500w, https:\/\/cocagne.pro\/wp-content\/uploads\/2024\/08\/Hot-dog-300x300.png 300w, https:\/\/cocagne.pro\/wp-content\/uploads\/2024\/08\/Hot-dog-400x400.png 400w, https:\/\/cocagne.pro\/wp-content\/uploads\/2024\/08\/Hot-dog-150x150.png 150w\" sizes=\"auto, (max-width: 500px) 100vw, 500px\" \/>\t<\/div>\n<div class=\"edgt-pli-text-holder\">\n\t<div class=\"edgt-pli-text-wrapper\">\n\t\t<div class=\"edgt-pli-text\">\n\t\t\t\n\t\t\t\n\t\t\t\n\t\t\t\t\t<\/div>\n\t<\/div>\n<\/div>\t\t\n\t\t<a itemprop=\"url\" class=\"edgt-pli-link edgt-block-drag-link\" href=\"https:\/\/cocagne.pro\/en\/portfolio-item\/hot-dog\/\" target=\"_self\"><\/a>\n\t<\/div>\n<\/article>\t<\/div>\n\t\n\t<\/div>[\/vc_column][\/vc_row]<\/p>\n<\/section>","protected":false},"excerpt":{"rendered":"<p>[vc_section el_id=&#8221;offres&#8221;][vc_row][vc_column][vc_empty_space][vc_empty_space][\/vc_column][\/vc_row][\/vc_section][vc_row el_id=&#8221;know-how&#8221; css=&#8221;.vc_custom_1725281313304{margin-top: 50px !important;}&#8221;][vc_column][\/vc_column][\/vc_row]<\/p>\n","protected":false},"author":1,"featured_media":6638,"parent":0,"menu_order":0,"comment_status":"closed","ping_status":"closed","template":"","meta":{"footnotes":""},"class_list":["post-6768","page","type-page","status-publish","has-post-thumbnail","hentry"],"yoast_head":"<!-- This site is optimized with the Yoast SEO plugin v25.9 - https:\/\/yoast.com\/wordpress\/plugins\/seo\/ -->\n<title>Products &#8226; Cocagne Pro<\/title>\n<meta name=\"robots\" content=\"index, follow, max-snippet:-1, max-image-preview:large, max-video-preview:-1\" \/>\n<link rel=\"canonical\" href=\"https:\/\/cocagne.pro\/en\/products\/\" \/>\n<meta property=\"og:locale\" content=\"en_US\" \/>\n<meta property=\"og:type\" content=\"article\" \/>\n<meta property=\"og:title\" content=\"Products &#8226; Cocagne Pro\" \/>\n<meta property=\"og:description\" content=\"[vc_section el_id=&#8221;offres&#8221;][vc_row][vc_column][vc_empty_space][vc_empty_space][\/vc_column][\/vc_row][\/vc_section][vc_row el_id=&#8221;know-how&#8221; css=&#8221;.vc_custom_1725281313304{margin-top: 50px !important;}&#8221;][vc_column][\/vc_column][\/vc_row]\" \/>\n<meta property=\"og:url\" content=\"https:\/\/cocagne.pro\/en\/products\/\" \/>\n<meta property=\"og:site_name\" content=\"Cocagne Pro\" \/>\n<meta property=\"article:modified_time\" content=\"2024-10-07T12:57:30+00:00\" \/>\n<meta property=\"og:image\" content=\"https:\/\/cocagne.pro\/wp-content\/uploads\/2023\/08\/cocagne-produits.jpg\" \/>\n\t<meta property=\"og:image:width\" content=\"1920\" \/>\n\t<meta property=\"og:image:height\" content=\"1280\" \/>\n\t<meta property=\"og:image:type\" content=\"image\/jpeg\" \/>\n<meta name=\"twitter:card\" content=\"summary_large_image\" \/>\n<meta name=\"twitter:label1\" content=\"Est. reading time\" \/>\n\t<meta name=\"twitter:data1\" content=\"1 minute\" \/>\n<script type=\"application\/ld+json\" class=\"yoast-schema-graph\">{\"@context\":\"https:\/\/schema.org\",\"@graph\":[{\"@type\":\"WebPage\",\"@id\":\"https:\/\/cocagne.pro\/en\/products\/\",\"url\":\"https:\/\/cocagne.pro\/en\/products\/\",\"name\":\"Products &#8226; Cocagne Pro\",\"isPartOf\":{\"@id\":\"https:\/\/cocagne.pro\/en\/#website\"},\"primaryImageOfPage\":{\"@id\":\"https:\/\/cocagne.pro\/en\/products\/#primaryimage\"},\"image\":{\"@id\":\"https:\/\/cocagne.pro\/en\/products\/#primaryimage\"},\"thumbnailUrl\":\"https:\/\/cocagne.pro\/wp-content\/uploads\/2023\/08\/cocagne-produits.jpg\",\"datePublished\":\"2023-08-07T14:10:28+00:00\",\"dateModified\":\"2024-10-07T12:57:30+00:00\",\"breadcrumb\":{\"@id\":\"https:\/\/cocagne.pro\/en\/products\/#breadcrumb\"},\"inLanguage\":\"en-US\",\"potentialAction\":[{\"@type\":\"ReadAction\",\"target\":[\"https:\/\/cocagne.pro\/en\/products\/\"]}]},{\"@type\":\"ImageObject\",\"inLanguage\":\"en-US\",\"@id\":\"https:\/\/cocagne.pro\/en\/products\/#primaryimage\",\"url\":\"https:\/\/cocagne.pro\/wp-content\/uploads\/2023\/08\/cocagne-produits.jpg\",\"contentUrl\":\"https:\/\/cocagne.pro\/wp-content\/uploads\/2023\/08\/cocagne-produits.jpg\",\"width\":1920,\"height\":1280},{\"@type\":\"BreadcrumbList\",\"@id\":\"https:\/\/cocagne.pro\/en\/products\/#breadcrumb\",\"itemListElement\":[{\"@type\":\"ListItem\",\"position\":1,\"name\":\"Accueil\",\"item\":\"https:\/\/cocagne.pro\/en\/\"},{\"@type\":\"ListItem\",\"position\":2,\"name\":\"Products\"}]},{\"@type\":\"WebSite\",\"@id\":\"https:\/\/cocagne.pro\/en\/#website\",\"url\":\"https:\/\/cocagne.pro\/en\/\",\"name\":\"Cocagne Pro\",\"description\":\"Des id\u00e9es du go\u00fbt\",\"publisher\":{\"@id\":\"https:\/\/cocagne.pro\/en\/#organization\"},\"alternateName\":\"Fabricant de produits cocktails & snacking surgel\u00e9s, sal\u00e9s et sucr\u00e9s\",\"potentialAction\":[{\"@type\":\"SearchAction\",\"target\":{\"@type\":\"EntryPoint\",\"urlTemplate\":\"https:\/\/cocagne.pro\/en\/?s={search_term_string}\"},\"query-input\":{\"@type\":\"PropertyValueSpecification\",\"valueRequired\":true,\"valueName\":\"search_term_string\"}}],\"inLanguage\":\"en-US\"},{\"@type\":\"Organization\",\"@id\":\"https:\/\/cocagne.pro\/en\/#organization\",\"name\":\"Cocagne Pro\",\"url\":\"https:\/\/cocagne.pro\/en\/\",\"logo\":{\"@type\":\"ImageObject\",\"inLanguage\":\"en-US\",\"@id\":\"https:\/\/cocagne.pro\/en\/#\/schema\/logo\/image\/\",\"url\":\"https:\/\/cocagne.pro\/wp-content\/uploads\/2023\/08\/logo-cocagne.png\",\"contentUrl\":\"https:\/\/cocagne.pro\/wp-content\/uploads\/2023\/08\/logo-cocagne.png\",\"width\":800,\"height\":800,\"caption\":\"Cocagne Pro\"},\"image\":{\"@id\":\"https:\/\/cocagne.pro\/en\/#\/schema\/logo\/image\/\"}}]}<\/script>\n<!-- \/ Yoast SEO plugin. -->","yoast_head_json":{"title":"Products &#8226; Cocagne Pro","robots":{"index":"index","follow":"follow","max-snippet":"max-snippet:-1","max-image-preview":"max-image-preview:large","max-video-preview":"max-video-preview:-1"},"canonical":"https:\/\/cocagne.pro\/en\/products\/","og_locale":"en_US","og_type":"article","og_title":"Products &#8226; Cocagne Pro","og_description":"[vc_section el_id=&#8221;offres&#8221;][vc_row][vc_column][vc_empty_space][vc_empty_space][\/vc_column][\/vc_row][\/vc_section][vc_row el_id=&#8221;know-how&#8221; css=&#8221;.vc_custom_1725281313304{margin-top: 50px !important;}&#8221;][vc_column][\/vc_column][\/vc_row]","og_url":"https:\/\/cocagne.pro\/en\/products\/","og_site_name":"Cocagne Pro","article_modified_time":"2024-10-07T12:57:30+00:00","og_image":[{"width":1920,"height":1280,"url":"https:\/\/cocagne.pro\/wp-content\/uploads\/2023\/08\/cocagne-produits.jpg","type":"image\/jpeg"}],"twitter_card":"summary_large_image","twitter_misc":{"Est. reading time":"1 minute"},"schema":{"@context":"https:\/\/schema.org","@graph":[{"@type":"WebPage","@id":"https:\/\/cocagne.pro\/en\/products\/","url":"https:\/\/cocagne.pro\/en\/products\/","name":"Products &#8226; Cocagne Pro","isPartOf":{"@id":"https:\/\/cocagne.pro\/en\/#website"},"primaryImageOfPage":{"@id":"https:\/\/cocagne.pro\/en\/products\/#primaryimage"},"image":{"@id":"https:\/\/cocagne.pro\/en\/products\/#primaryimage"},"thumbnailUrl":"https:\/\/cocagne.pro\/wp-content\/uploads\/2023\/08\/cocagne-produits.jpg","datePublished":"2023-08-07T14:10:28+00:00","dateModified":"2024-10-07T12:57:30+00:00","breadcrumb":{"@id":"https:\/\/cocagne.pro\/en\/products\/#breadcrumb"},"inLanguage":"en-US","potentialAction":[{"@type":"ReadAction","target":["https:\/\/cocagne.pro\/en\/products\/"]}]},{"@type":"ImageObject","inLanguage":"en-US","@id":"https:\/\/cocagne.pro\/en\/products\/#primaryimage","url":"https:\/\/cocagne.pro\/wp-content\/uploads\/2023\/08\/cocagne-produits.jpg","contentUrl":"https:\/\/cocagne.pro\/wp-content\/uploads\/2023\/08\/cocagne-produits.jpg","width":1920,"height":1280},{"@type":"BreadcrumbList","@id":"https:\/\/cocagne.pro\/en\/products\/#breadcrumb","itemListElement":[{"@type":"ListItem","position":1,"name":"Accueil","item":"https:\/\/cocagne.pro\/en\/"},{"@type":"ListItem","position":2,"name":"Products"}]},{"@type":"WebSite","@id":"https:\/\/cocagne.pro\/en\/#website","url":"https:\/\/cocagne.pro\/en\/","name":"Cocagne Pro","description":"Des id\u00e9es du go\u00fbt","publisher":{"@id":"https:\/\/cocagne.pro\/en\/#organization"},"alternateName":"Fabricant de produits cocktails & snacking surgel\u00e9s, sal\u00e9s et sucr\u00e9s","potentialAction":[{"@type":"SearchAction","target":{"@type":"EntryPoint","urlTemplate":"https:\/\/cocagne.pro\/en\/?s={search_term_string}"},"query-input":{"@type":"PropertyValueSpecification","valueRequired":true,"valueName":"search_term_string"}}],"inLanguage":"en-US"},{"@type":"Organization","@id":"https:\/\/cocagne.pro\/en\/#organization","name":"Cocagne Pro","url":"https:\/\/cocagne.pro\/en\/","logo":{"@type":"ImageObject","inLanguage":"en-US","@id":"https:\/\/cocagne.pro\/en\/#\/schema\/logo\/image\/","url":"https:\/\/cocagne.pro\/wp-content\/uploads\/2023\/08\/logo-cocagne.png","contentUrl":"https:\/\/cocagne.pro\/wp-content\/uploads\/2023\/08\/logo-cocagne.png","width":800,"height":800,"caption":"Cocagne Pro"},"image":{"@id":"https:\/\/cocagne.pro\/en\/#\/schema\/logo\/image\/"}}]}},"_links":{"self":[{"href":"https:\/\/cocagne.pro\/en\/wp-json\/wp\/v2\/pages\/6768","targetHints":{"allow":["GET"]}}],"collection":[{"href":"https:\/\/cocagne.pro\/en\/wp-json\/wp\/v2\/pages"}],"about":[{"href":"https:\/\/cocagne.pro\/en\/wp-json\/wp\/v2\/types\/page"}],"author":[{"embeddable":true,"href":"https:\/\/cocagne.pro\/en\/wp-json\/wp\/v2\/users\/1"}],"replies":[{"embeddable":true,"href":"https:\/\/cocagne.pro\/en\/wp-json\/wp\/v2\/comments?post=6768"}],"version-history":[{"count":3,"href":"https:\/\/cocagne.pro\/en\/wp-json\/wp\/v2\/pages\/6768\/revisions"}],"predecessor-version":[{"id":6774,"href":"https:\/\/cocagne.pro\/en\/wp-json\/wp\/v2\/pages\/6768\/revisions\/6774"}],"wp:featuredmedia":[{"embeddable":true,"href":"https:\/\/cocagne.pro\/en\/wp-json\/wp\/v2\/media\/6638"}],"wp:attachment":[{"href":"https:\/\/cocagne.pro\/en\/wp-json\/wp\/v2\/media?parent=6768"}],"curies":[{"name":"wp","href":"https:\/\/api.w.org\/{rel}","templated":true}]}}