{"id":6767,"date":"2017-08-02T11:13:41","date_gmt":"2017-08-02T11:13:41","guid":{"rendered":"https:\/\/cocagne.pro\/contact\/"},"modified":"2024-10-09T14:28:49","modified_gmt":"2024-10-09T14:28:49","slug":"contact","status":"publish","type":"page","link":"https:\/\/cocagne.pro\/en\/contact\/","title":{"rendered":"Contact"},"content":{"rendered":"<section class=\"wpb-content-wrapper\"><p>[vc_row row_content_width=&#8221;grid&#8221; css=&#8221;.vc_custom_1501679631995{padding-top: 80px !important;padding-bottom: 60px !important;}&#8221;][vc_column css=&#8221;.vc_custom_1501671360059{padding-right: 15% !important;}&#8221; offset=&#8221;vc_col-lg-6 vc_col-md-6 vc_col-xs-12&#8243;]<div class=\"edgt-elements-holder   edgt-one-column  edgt-responsive-mode-768 \" ><div class=\"edgt-eh-item    \"  data-item-class=\"edgt-eh-custom-5574\"  >\n\t<div class=\"edgt-eh-item-inner\">\n\t\t<div class=\"edgt-eh-item-content edgt-eh-custom-5574\" style=\"padding: 0 6% 0 0\">\n\t\t\t<div class=\"edgt-section-title-holder  edgt-st-standard edgt-st-title-left edgt-st-normal-space \" >\n\t<div class=\"edgt-st-inner\">\n\t\t\t\t\t<h6 class=\"edgt-st-subtitle edgt-strike-trough\">\n\t\t\t\tMeet us\t\t\t<\/h6>\n\t\t\t\t\t\t\t<h3 class=\"edgt-st-title\" style=\"color: #3d3d3d\">\n\t\t\t\tIN NORMANDY\t\t\t<\/h3>\n\t\t\t\t\t<\/div>\n<\/div>[vc_column_text]<span style=\"color: #31609f;\"><strong>Professional food distributor<\/strong>, <\/span><span class=\"s1\">are you looking for products to complement your assortment, or a manufacturer to mass-produce your recipes?<\/span>[\/vc_column_text][vc_empty_space height=&#8221;42px&#8221;]\t\t<\/div>\n\t<\/div>\n<\/div><\/div><div class=\"edgt-elements-holder   edgt-two-columns  edgt-responsive-mode-1024 \" ><div class=\"edgt-eh-item    \"  data-item-class=\"edgt-eh-custom-7499\"  data-680=\"0%\">\n\t<div class=\"edgt-eh-item-inner\">\n\t\t<div class=\"edgt-eh-item-content edgt-eh-custom-7499\" >\n\t\t\t<div class=\"edgt-section-title-holder  edgt-st-standard edgt-st-title-left edgt-st-normal-space \" >\n\t<div class=\"edgt-st-inner\">\n\t\t\t\t\t\t\t<h4 class=\"edgt-st-title\" style=\"color: #1c64a8\">\n\t\t\t\tOUR CONTACT DETAILS\t\t\t<\/h4>\n\t\t\t\t\t\t\t<p class=\"edgt-st-text\" style=\"color: #989898\">\n\t\t\t\tParc d\u2019Activit\u00e9s du Moulin d\u2019Ecalles,<br \/>\n76690 LA RUE SAINT PIERRE\t\t\t<\/p>\n\t\t\t<\/div>\n<\/div>[vc_column_text]Email: <a href=\"mailto:info@cocagne.pro\">info@cocagne.pro<\/a><br \/>\nPhone: 02 32 80 80 90[\/vc_column_text]\t\t<\/div>\n\t<\/div>\n<\/div><\/div>[vc_empty_space height=&#8221;50px&#8221;]<div class=\"edgt-section-title-holder  edgt-st-standard edgt-st-title-left edgt-st-normal-space \" >\n\t<div class=\"edgt-st-inner\">\n\t\t\t\t\t\t\t<h4 class=\"edgt-st-title\" style=\"color: #ed6d06\">\n\t\t\t\tFORMULAIRE DE CONTACT\t\t\t<\/h4>\n\t\t\t\t\t<\/div>\n<\/div>[vc_column_text]<\/p>\n<p style=\"font-weight: 400;\">FOR PROFESSIONALS ONLY<\/p>\n<p style=\"font-weight: 400;\">Are you a private individual? <a href=\"https:\/\/monaperotoque.fr\/\"><strong>click here<\/strong><\/a><\/p>\n<p>[\/vc_column_text][vc_empty_space]\n<div class=\"wpcf7 no-js\" id=\"wpcf7-f6820-o1\" lang=\"en-US\" dir=\"ltr\" data-wpcf7-id=\"6820\">\n<div class=\"screen-reader-response\"><p role=\"status\" aria-live=\"polite\" aria-atomic=\"true\"><\/p> <ul><\/ul><\/div>\n<form action=\"\/en\/wp-json\/wp\/v2\/pages\/6767#wpcf7-f6820-o1\" method=\"post\" class=\"wpcf7-form init\" aria-label=\"Contact form\" novalidate=\"novalidate\" data-status=\"init\">\n<fieldset class=\"hidden-fields-container\"><input type=\"hidden\" name=\"_wpcf7\" value=\"6820\" \/><input type=\"hidden\" name=\"_wpcf7_version\" value=\"6.1.1\" \/><input type=\"hidden\" name=\"_wpcf7_locale\" value=\"en_US\" \/><input type=\"hidden\" name=\"_wpcf7_unit_tag\" value=\"wpcf7-f6820-o1\" \/><input type=\"hidden\" name=\"_wpcf7_container_post\" value=\"0\" \/><input type=\"hidden\" name=\"_wpcf7_posted_data_hash\" value=\"\" \/><input type=\"hidden\" name=\"_wpcf7_recaptcha_response\" value=\"\" \/>\n<\/fieldset>\n<p><span class=\"wpcf7-form-control-wrap\" data-name=\"text-306\"><input size=\"40\" maxlength=\"400\" class=\"wpcf7-form-control wpcf7-text\" aria-invalid=\"false\" placeholder=\"Your Name\" value=\"\" type=\"text\" name=\"text-306\" \/><\/span><span class=\"wpcf7-form-control-wrap\" data-name=\"email-497\"><input size=\"40\" maxlength=\"400\" class=\"wpcf7-form-control wpcf7-email wpcf7-validates-as-required wpcf7-text wpcf7-validates-as-email\" aria-required=\"true\" aria-invalid=\"false\" placeholder=\"Your E-mail\" value=\"\" type=\"email\" name=\"email-497\" \/><\/span><span class=\"wpcf7-form-control-wrap\" data-name=\"textarea-926\"><textarea cols=\"40\" rows=\"10\" maxlength=\"2000\" class=\"wpcf7-form-control wpcf7-textarea\" aria-invalid=\"false\" placeholder=\"Your Message\" name=\"textarea-926\"><\/textarea><\/span>\n<\/p>\n<p><input class=\"wpcf7-form-control wpcf7-submit has-spinner\" type=\"submit\" value=\"Send\" \/>\n<\/p><div class=\"wpcf7-response-output\" aria-hidden=\"true\"><\/div>\n<\/form>\n<\/div>\n[vc_empty_space height=&#8221;60px&#8221;]<div class=\"edgt-section-title-holder  edgt-st-standard edgt-st-title-left edgt-st-normal-space \" >\n\t<div class=\"edgt-st-inner\">\n\t\t\t\t\t\t\t<h4 class=\"edgt-st-title\" style=\"color: #1c64a8\">\n\t\t\t\tWOULD YOU LIKE TO JOIN OUR TEAMS?\t\t\t<\/h4>\n\t\t\t\t\t\t\t<p class=\"edgt-st-text\" style=\"color: #989898\">\n\t\t\t\tWould you like to join a fast-growing family business? Check out our offers or apply freely, our teams often need reinforcements!\t\t\t<\/p>\n\t\t\t<\/div>\n<\/div>[vc_empty_space]<a itemprop=\"url\" href=\"https:\/\/cocagne.pro\/en\/join-us\/\" target=\"_self\"  class=\"edgt-btn edgt-btn-medium edgt-btn-solid\"  >\n    <span class=\"edgt-btn-text\">SEE OUR JOB OFFERS<\/span>\n    <\/a>[\/vc_column][vc_column offset=&#8221;vc_col-lg-6 vc_col-md-6 vc_col-xs-12&#8243;][vc_single_image image=&#8221;6745&#8243; img_size=&#8221;full&#8221;][vc_empty_space height=&#8221;51px&#8221;][vc_gmaps link=&#8221;#E-8_JTNDaWZyYW1lJTIwc3JjJTNEJTIyaHR0cHMlM0ElMkYlMkZ3d3cuZ29vZ2xlLmNvbSUyRm1hcHMlMkZlbWJlZCUzRnBiJTNEJTIxMW0xOCUyMTFtMTIlMjExbTMlMjExZDI1ODcuNTYzMjY5OTY1NjI4NSUyMTJkMS4yNjkxNTAxMTMxODgzMDMlMjEzZDQ5LjU2ODI2MzA3MTMxODA2JTIxMm0zJTIxMWYwJTIxMmYwJTIxM2YwJTIxM20yJTIxMWkxMDI0JTIxMmk3NjglMjE0ZjEzLjElMjEzbTMlMjExbTIlMjExczB4NDdlMGNmMGZiMjY1Y2U4OSUyNTNBMHhkNWEwOGM4MWMwODViZiUyMTJzU0FTJTI1MjBDT0NBR05FJTIxNWUwJTIxM20yJTIxMXNmciUyMTJzZnIlMjE0djE2OTEwOTAyMDM2MjUlMjE1bTIlMjExc2ZyJTIxMnNmciUyMiUyMHdpZHRoJTNEJTIyNjAwJTIyJTIwaGVpZ2h0JTNEJTIyNDUwJTIyJTIwc3R5bGUlM0QlMjJib3JkZXIlM0EwJTNCJTIyJTIwYWxsb3dmdWxsc2NyZWVuJTNEJTIyJTIyJTIwbG9hZGluZyUzRCUyMmxhenklMjIlMjByZWZlcnJlcnBvbGljeSUzRCUyMm5vLXJlZmVycmVyLXdoZW4tZG93bmdyYWRlJTIyJTNFJTNDJTJGaWZyYW1lJTNF&#8221;][vc_empty_space height=&#8221;37px&#8221;][\/vc_column][\/vc_row]<\/p>\n<\/section>","protected":false},"excerpt":{"rendered":"<p>[vc_row row_content_width=&#8221;grid&#8221; css=&#8221;.vc_custom_1501679631995{padding-top: 80px !important;padding-bottom: 60px !important;}&#8221;][vc_column css=&#8221;.vc_custom_1501671360059{padding-right: 15% !important;}&#8221; offset=&#8221;vc_col-lg-6 vc_col-md-6 vc_col-xs-12&#8243;][vc_empty_space height=&#8221;50px&#8221;][vc_column_text] FOR PROFESSIONALS ONLY Are you a private individual? click here [\/vc_column_text][vc_empty_space][vc_empty_space height=&#8221;60px&#8221;][vc_empty_space][\/vc_column][vc_column offset=&#8221;vc_col-lg-6 vc_col-md-6 vc_col-xs-12&#8243;][vc_single_image image=&#8221;6745&#8243; img_size=&#8221;full&#8221;][vc_empty_space height=&#8221;51px&#8221;][vc_gmaps link=&#8221;#E-8_JTNDaWZyYW1lJTIwc3JjJTNEJTIyaHR0cHMlM0ElMkYlMkZ3d3cuZ29vZ2xlLmNvbSUyRm1hcHMlMkZlbWJlZCUzRnBiJTNEJTIxMW0xOCUyMTFtMTIlMjExbTMlMjExZDI1ODcuNTYzMjY5OTY1NjI4NSUyMTJkMS4yNjkxNTAxMTMxODgzMDMlMjEzZDQ5LjU2ODI2MzA3MTMxODA2JTIxMm0zJTIxMWYwJTIxMmYwJTIxM2YwJTIxM20yJTIxMWkxMDI0JTIxMmk3NjglMjE0ZjEzLjElMjEzbTMlMjExbTIlMjExczB4NDdlMGNmMGZiMjY1Y2U4OSUyNTNBMHhkNWEwOGM4MWMwODViZiUyMTJzU0FTJTI1MjBDT0NBR05FJTIxNWUwJTIxM20yJTIxMXNmciUyMTJzZnIlMjE0djE2OTEwOTAyMDM2MjUlMjE1bTIlMjExc2ZyJTIxMnNmciUyMiUyMHdpZHRoJTNEJTIyNjAwJTIyJTIwaGVpZ2h0JTNEJTIyNDUwJTIyJTIwc3R5bGUlM0QlMjJib3JkZXIlM0EwJTNCJTIyJTIwYWxsb3dmdWxsc2NyZWVuJTNEJTIyJTIyJTIwbG9hZGluZyUzRCUyMmxhenklMjIlMjByZWZlcnJlcnBvbGljeSUzRCUyMm5vLXJlZmVycmVyLXdoZW4tZG93bmdyYWRlJTIyJTNFJTNDJTJGaWZyYW1lJTNF&#8221;][vc_empty_space height=&#8221;37px&#8221;][\/vc_column][\/vc_row]<\/p>\n","protected":false},"author":1,"featured_media":0,"parent":0,"menu_order":0,"comment_status":"closed","ping_status":"closed","template":"full-width.php","meta":{"footnotes":""},"class_list":["post-6767","page","type-page","status-publish","hentry"],"yoast_head":"<!-- This site is optimized with the Yoast SEO plugin v25.9 - https:\/\/yoast.com\/wordpress\/plugins\/seo\/ -->\n<title>Contact &#8226; Cocagne Pro<\/title>\n<meta name=\"robots\" content=\"index, follow, max-snippet:-1, max-image-preview:large, max-video-preview:-1\" \/>\n<link rel=\"canonical\" href=\"https:\/\/cocagne.pro\/en\/contact\/\" \/>\n<meta property=\"og:locale\" content=\"en_US\" \/>\n<meta property=\"og:type\" content=\"article\" \/>\n<meta property=\"og:title\" content=\"Contact &#8226; Cocagne Pro\" \/>\n<meta property=\"og:description\" content=\"[vc_row row_content_width=&#8221;grid&#8221; css=&#8221;.vc_custom_1501679631995{padding-top: 80px !important;padding-bottom: 60px !important;}&#8221;][vc_column css=&#8221;.vc_custom_1501671360059{padding-right: 15% !important;}&#8221; offset=&#8221;vc_col-lg-6 vc_col-md-6 vc_col-xs-12&#8243;][vc_empty_space height=&#8221;50px&#8221;][vc_column_text] FOR PROFESSIONALS ONLY Are you a private individual? click here [\/vc_column_text][vc_empty_space][vc_empty_space height=&#8221;60px&#8221;][vc_empty_space][\/vc_column][vc_column offset=&#8221;vc_col-lg-6 vc_col-md-6 vc_col-xs-12&#8243;][vc_single_image image=&#8221;6745&#8243; img_size=&#8221;full&#8221;][vc_empty_space height=&#8221;51px&#8221;][vc_gmaps link=&#8221;#E-8_JTNDaWZyYW1lJTIwc3JjJTNEJTIyaHR0cHMlM0ElMkYlMkZ3d3cuZ29vZ2xlLmNvbSUyRm1hcHMlMkZlbWJlZCUzRnBiJTNEJTIxMW0xOCUyMTFtMTIlMjExbTMlMjExZDI1ODcuNTYzMjY5OTY1NjI4NSUyMTJkMS4yNjkxNTAxMTMxODgzMDMlMjEzZDQ5LjU2ODI2MzA3MTMxODA2JTIxMm0zJTIxMWYwJTIxMmYwJTIxM2YwJTIxM20yJTIxMWkxMDI0JTIxMmk3NjglMjE0ZjEzLjElMjEzbTMlMjExbTIlMjExczB4NDdlMGNmMGZiMjY1Y2U4OSUyNTNBMHhkNWEwOGM4MWMwODViZiUyMTJzU0FTJTI1MjBDT0NBR05FJTIxNWUwJTIxM20yJTIxMXNmciUyMTJzZnIlMjE0djE2OTEwOTAyMDM2MjUlMjE1bTIlMjExc2ZyJTIxMnNmciUyMiUyMHdpZHRoJTNEJTIyNjAwJTIyJTIwaGVpZ2h0JTNEJTIyNDUwJTIyJTIwc3R5bGUlM0QlMjJib3JkZXIlM0EwJTNCJTIyJTIwYWxsb3dmdWxsc2NyZWVuJTNEJTIyJTIyJTIwbG9hZGluZyUzRCUyMmxhenklMjIlMjByZWZlcnJlcnBvbGljeSUzRCUyMm5vLXJlZmVycmVyLXdoZW4tZG93bmdyYWRlJTIyJTNFJTNDJTJGaWZyYW1lJTNF&#8221;][vc_empty_space height=&#8221;37px&#8221;][\/vc_column][\/vc_row]\" \/>\n<meta property=\"og:url\" content=\"https:\/\/cocagne.pro\/en\/contact\/\" \/>\n<meta property=\"og:site_name\" content=\"Cocagne Pro\" \/>\n<meta property=\"article:modified_time\" content=\"2024-10-09T14:28:49+00:00\" \/>\n<meta property=\"og:image\" content=\"https:\/\/cocagne.pro\/wp-content\/uploads\/2023\/08\/mini-sandwichs.jpg\" \/>\n\t<meta property=\"og:image:width\" content=\"1080\" \/>\n\t<meta property=\"og:image:height\" content=\"810\" \/>\n\t<meta property=\"og:image:type\" content=\"image\/jpeg\" \/>\n<meta name=\"twitter:card\" content=\"summary_large_image\" \/>\n<meta name=\"twitter:label1\" content=\"Est. reading time\" \/>\n\t<meta name=\"twitter:data1\" content=\"2 minutes\" \/>\n<script type=\"application\/ld+json\" class=\"yoast-schema-graph\">{\"@context\":\"https:\/\/schema.org\",\"@graph\":[{\"@type\":\"WebPage\",\"@id\":\"https:\/\/cocagne.pro\/en\/contact\/\",\"url\":\"https:\/\/cocagne.pro\/en\/contact\/\",\"name\":\"Contact &#8226; Cocagne Pro\",\"isPartOf\":{\"@id\":\"https:\/\/cocagne.pro\/en\/#website\"},\"datePublished\":\"2017-08-02T11:13:41+00:00\",\"dateModified\":\"2024-10-09T14:28:49+00:00\",\"breadcrumb\":{\"@id\":\"https:\/\/cocagne.pro\/en\/contact\/#breadcrumb\"},\"inLanguage\":\"en-US\",\"potentialAction\":[{\"@type\":\"ReadAction\",\"target\":[\"https:\/\/cocagne.pro\/en\/contact\/\"]}]},{\"@type\":\"BreadcrumbList\",\"@id\":\"https:\/\/cocagne.pro\/en\/contact\/#breadcrumb\",\"itemListElement\":[{\"@type\":\"ListItem\",\"position\":1,\"name\":\"Accueil\",\"item\":\"https:\/\/cocagne.pro\/en\/\"},{\"@type\":\"ListItem\",\"position\":2,\"name\":\"Contact\"}]},{\"@type\":\"WebSite\",\"@id\":\"https:\/\/cocagne.pro\/en\/#website\",\"url\":\"https:\/\/cocagne.pro\/en\/\",\"name\":\"Cocagne Pro\",\"description\":\"Des id\u00e9es du go\u00fbt\",\"publisher\":{\"@id\":\"https:\/\/cocagne.pro\/en\/#organization\"},\"alternateName\":\"Fabricant de produits cocktails & snacking surgel\u00e9s, sal\u00e9s et sucr\u00e9s\",\"potentialAction\":[{\"@type\":\"SearchAction\",\"target\":{\"@type\":\"EntryPoint\",\"urlTemplate\":\"https:\/\/cocagne.pro\/en\/?s={search_term_string}\"},\"query-input\":{\"@type\":\"PropertyValueSpecification\",\"valueRequired\":true,\"valueName\":\"search_term_string\"}}],\"inLanguage\":\"en-US\"},{\"@type\":\"Organization\",\"@id\":\"https:\/\/cocagne.pro\/en\/#organization\",\"name\":\"Cocagne Pro\",\"url\":\"https:\/\/cocagne.pro\/en\/\",\"logo\":{\"@type\":\"ImageObject\",\"inLanguage\":\"en-US\",\"@id\":\"https:\/\/cocagne.pro\/en\/#\/schema\/logo\/image\/\",\"url\":\"https:\/\/cocagne.pro\/wp-content\/uploads\/2023\/08\/logo-cocagne.png\",\"contentUrl\":\"https:\/\/cocagne.pro\/wp-content\/uploads\/2023\/08\/logo-cocagne.png\",\"width\":800,\"height\":800,\"caption\":\"Cocagne Pro\"},\"image\":{\"@id\":\"https:\/\/cocagne.pro\/en\/#\/schema\/logo\/image\/\"}}]}<\/script>\n<!-- \/ Yoast SEO plugin. -->","yoast_head_json":{"title":"Contact &#8226; Cocagne Pro","robots":{"index":"index","follow":"follow","max-snippet":"max-snippet:-1","max-image-preview":"max-image-preview:large","max-video-preview":"max-video-preview:-1"},"canonical":"https:\/\/cocagne.pro\/en\/contact\/","og_locale":"en_US","og_type":"article","og_title":"Contact &#8226; Cocagne Pro","og_description":"[vc_row row_content_width=&#8221;grid&#8221; css=&#8221;.vc_custom_1501679631995{padding-top: 80px !important;padding-bottom: 60px !important;}&#8221;][vc_column css=&#8221;.vc_custom_1501671360059{padding-right: 15% !important;}&#8221; offset=&#8221;vc_col-lg-6 vc_col-md-6 vc_col-xs-12&#8243;][vc_empty_space height=&#8221;50px&#8221;][vc_column_text] FOR PROFESSIONALS ONLY Are you a private individual? click here [\/vc_column_text][vc_empty_space][vc_empty_space height=&#8221;60px&#8221;][vc_empty_space][\/vc_column][vc_column offset=&#8221;vc_col-lg-6 vc_col-md-6 vc_col-xs-12&#8243;][vc_single_image image=&#8221;6745&#8243; img_size=&#8221;full&#8221;][vc_empty_space height=&#8221;51px&#8221;][vc_gmaps link=&#8221;#E-8_JTNDaWZyYW1lJTIwc3JjJTNEJTIyaHR0cHMlM0ElMkYlMkZ3d3cuZ29vZ2xlLmNvbSUyRm1hcHMlMkZlbWJlZCUzRnBiJTNEJTIxMW0xOCUyMTFtMTIlMjExbTMlMjExZDI1ODcuNTYzMjY5OTY1NjI4NSUyMTJkMS4yNjkxNTAxMTMxODgzMDMlMjEzZDQ5LjU2ODI2MzA3MTMxODA2JTIxMm0zJTIxMWYwJTIxMmYwJTIxM2YwJTIxM20yJTIxMWkxMDI0JTIxMmk3NjglMjE0ZjEzLjElMjEzbTMlMjExbTIlMjExczB4NDdlMGNmMGZiMjY1Y2U4OSUyNTNBMHhkNWEwOGM4MWMwODViZiUyMTJzU0FTJTI1MjBDT0NBR05FJTIxNWUwJTIxM20yJTIxMXNmciUyMTJzZnIlMjE0djE2OTEwOTAyMDM2MjUlMjE1bTIlMjExc2ZyJTIxMnNmciUyMiUyMHdpZHRoJTNEJTIyNjAwJTIyJTIwaGVpZ2h0JTNEJTIyNDUwJTIyJTIwc3R5bGUlM0QlMjJib3JkZXIlM0EwJTNCJTIyJTIwYWxsb3dmdWxsc2NyZWVuJTNEJTIyJTIyJTIwbG9hZGluZyUzRCUyMmxhenklMjIlMjByZWZlcnJlcnBvbGljeSUzRCUyMm5vLXJlZmVycmVyLXdoZW4tZG93bmdyYWRlJTIyJTNFJTNDJTJGaWZyYW1lJTNF&#8221;][vc_empty_space height=&#8221;37px&#8221;][\/vc_column][\/vc_row]","og_url":"https:\/\/cocagne.pro\/en\/contact\/","og_site_name":"Cocagne Pro","article_modified_time":"2024-10-09T14:28:49+00:00","og_image":[{"width":1080,"height":810,"url":"https:\/\/cocagne.pro\/wp-content\/uploads\/2023\/08\/mini-sandwichs.jpg","type":"image\/jpeg"}],"twitter_card":"summary_large_image","twitter_misc":{"Est. reading time":"2 minutes"},"schema":{"@context":"https:\/\/schema.org","@graph":[{"@type":"WebPage","@id":"https:\/\/cocagne.pro\/en\/contact\/","url":"https:\/\/cocagne.pro\/en\/contact\/","name":"Contact &#8226; Cocagne Pro","isPartOf":{"@id":"https:\/\/cocagne.pro\/en\/#website"},"datePublished":"2017-08-02T11:13:41+00:00","dateModified":"2024-10-09T14:28:49+00:00","breadcrumb":{"@id":"https:\/\/cocagne.pro\/en\/contact\/#breadcrumb"},"inLanguage":"en-US","potentialAction":[{"@type":"ReadAction","target":["https:\/\/cocagne.pro\/en\/contact\/"]}]},{"@type":"BreadcrumbList","@id":"https:\/\/cocagne.pro\/en\/contact\/#breadcrumb","itemListElement":[{"@type":"ListItem","position":1,"name":"Accueil","item":"https:\/\/cocagne.pro\/en\/"},{"@type":"ListItem","position":2,"name":"Contact"}]},{"@type":"WebSite","@id":"https:\/\/cocagne.pro\/en\/#website","url":"https:\/\/cocagne.pro\/en\/","name":"Cocagne Pro","description":"Des id\u00e9es du go\u00fbt","publisher":{"@id":"https:\/\/cocagne.pro\/en\/#organization"},"alternateName":"Fabricant de produits cocktails & snacking surgel\u00e9s, sal\u00e9s et sucr\u00e9s","potentialAction":[{"@type":"SearchAction","target":{"@type":"EntryPoint","urlTemplate":"https:\/\/cocagne.pro\/en\/?s={search_term_string}"},"query-input":{"@type":"PropertyValueSpecification","valueRequired":true,"valueName":"search_term_string"}}],"inLanguage":"en-US"},{"@type":"Organization","@id":"https:\/\/cocagne.pro\/en\/#organization","name":"Cocagne Pro","url":"https:\/\/cocagne.pro\/en\/","logo":{"@type":"ImageObject","inLanguage":"en-US","@id":"https:\/\/cocagne.pro\/en\/#\/schema\/logo\/image\/","url":"https:\/\/cocagne.pro\/wp-content\/uploads\/2023\/08\/logo-cocagne.png","contentUrl":"https:\/\/cocagne.pro\/wp-content\/uploads\/2023\/08\/logo-cocagne.png","width":800,"height":800,"caption":"Cocagne Pro"},"image":{"@id":"https:\/\/cocagne.pro\/en\/#\/schema\/logo\/image\/"}}]}},"_links":{"self":[{"href":"https:\/\/cocagne.pro\/en\/wp-json\/wp\/v2\/pages\/6767","targetHints":{"allow":["GET"]}}],"collection":[{"href":"https:\/\/cocagne.pro\/en\/wp-json\/wp\/v2\/pages"}],"about":[{"href":"https:\/\/cocagne.pro\/en\/wp-json\/wp\/v2\/types\/page"}],"author":[{"embeddable":true,"href":"https:\/\/cocagne.pro\/en\/wp-json\/wp\/v2\/users\/1"}],"replies":[{"embeddable":true,"href":"https:\/\/cocagne.pro\/en\/wp-json\/wp\/v2\/comments?post=6767"}],"version-history":[{"count":7,"href":"https:\/\/cocagne.pro\/en\/wp-json\/wp\/v2\/pages\/6767\/revisions"}],"predecessor-version":[{"id":6900,"href":"https:\/\/cocagne.pro\/en\/wp-json\/wp\/v2\/pages\/6767\/revisions\/6900"}],"wp:attachment":[{"href":"https:\/\/cocagne.pro\/en\/wp-json\/wp\/v2\/media?parent=6767"}],"curies":[{"name":"wp","href":"https:\/\/api.w.org\/{rel}","templated":true}]}}